{"id":3650,"date":"2023-01-06T09:15:22","date_gmt":"2023-01-06T08:15:22","guid":{"rendered":"http:\/\/plantelish.sm-art.me\/?page_id=3650"},"modified":"2023-12-07T16:00:50","modified_gmt":"2023-12-07T14:00:50","slug":"povprasevanje","status":"publish","type":"page","link":"https:\/\/plantelish.com\/en\/povprasevanje\/","title":{"rendered":"Povpra\u0161evanje"},"content":{"rendered":"<div data-elementor-type=\"wp-page\" data-elementor-id=\"3650\" class=\"elementor elementor-3650\">\n\t\t\t\t\t\t<section class=\"elementor-section elementor-top-section elementor-element elementor-element-0971dde elementor-section-boxed elementor-section-height-default elementor-section-height-default\" data-id=\"0971dde\" data-element_type=\"section\" data-e-type=\"section\">\n\t\t\t\t\t\t<div class=\"elementor-container elementor-column-gap-default\">\n\t\t\t\t\t<div class=\"elementor-column elementor-col-100 elementor-top-column elementor-element elementor-element-db1acb5\" data-id=\"db1acb5\" data-element_type=\"column\" data-e-type=\"column\">\n\t\t\t<div class=\"elementor-widget-wrap elementor-element-populated\">\n\t\t\t\t\t\t<div class=\"elementor-element elementor-element-5174f06 elementor-widget elementor-widget-image\" data-id=\"5174f06\" data-element_type=\"widget\" data-e-type=\"widget\" data-widget_type=\"image.default\">\n\t\t\t\t<div class=\"elementor-widget-container\">\n\t\t\t\t\t\t\t\t\t\t\t\t\t\t\t<img fetchpriority=\"high\" decoding=\"async\" width=\"799\" height=\"563\" src=\"https:\/\/plantelish.com\/wp-content\/uploads\/2023\/01\/ikonca.png\" class=\"attachment-full size-full wp-image-3409\" alt=\"\" srcset=\"https:\/\/plantelish.com\/wp-content\/uploads\/2023\/01\/ikonca.png 799w, https:\/\/plantelish.com\/wp-content\/uploads\/2023\/01\/ikonca-600x423.png 600w, https:\/\/plantelish.com\/wp-content\/uploads\/2023\/01\/ikonca-300x211.png 300w, https:\/\/plantelish.com\/wp-content\/uploads\/2023\/01\/ikonca-768x541.png 768w\" sizes=\"(max-width: 799px) 100vw, 799px\" \/>\t\t\t\t\t\t\t\t\t\t\t\t\t\t\t<\/div>\n\t\t\t\t<\/div>\n\t\t\t\t\t<\/div>\n\t\t<\/div>\n\t\t\t\t\t<\/div>\n\t\t<\/section>\n\t\t\t\t<section class=\"elementor-section elementor-top-section elementor-element elementor-element-4be50d0 elementor-section-boxed elementor-section-height-default elementor-section-height-default\" data-id=\"4be50d0\" data-element_type=\"section\" data-e-type=\"section\">\n\t\t\t\t\t\t<div class=\"elementor-container elementor-column-gap-default\">\n\t\t\t\t\t<div class=\"elementor-column elementor-col-100 elementor-top-column elementor-element elementor-element-8593433\" data-id=\"8593433\" data-element_type=\"column\" data-e-type=\"column\">\n\t\t\t<div class=\"elementor-widget-wrap elementor-element-populated\">\n\t\t\t\t\t\t<div class=\"elementor-element elementor-element-0f25828 elementor-widget elementor-widget-heading\" data-id=\"0f25828\" data-element_type=\"widget\" data-e-type=\"widget\" data-widget_type=\"heading.default\">\n\t\t\t\t<div class=\"elementor-widget-container\">\n\t\t\t\t\t<h2 class=\"elementor-heading-title elementor-size-default\">SEND ME YOUR INQUIRY<\/h2>\t\t\t\t<\/div>\n\t\t\t\t<\/div>\n\t\t\t\t\t<\/div>\n\t\t<\/div>\n\t\t\t\t\t<\/div>\n\t\t<\/section>\n\t\t\t\t<section class=\"elementor-section elementor-top-section elementor-element elementor-element-d05d1fb elementor-section-boxed elementor-section-height-default elementor-section-height-default\" data-id=\"d05d1fb\" data-element_type=\"section\" data-e-type=\"section\">\n\t\t\t\t\t\t<div class=\"elementor-container elementor-column-gap-default\">\n\t\t\t\t\t<div class=\"elementor-column elementor-col-100 elementor-top-column elementor-element elementor-element-c31e847\" data-id=\"c31e847\" data-element_type=\"column\" data-e-type=\"column\">\n\t\t\t<div class=\"elementor-widget-wrap elementor-element-populated\">\n\t\t\t\t\t\t<div class=\"elementor-element elementor-element-663f588 elementor-widget elementor-widget-text-editor\" data-id=\"663f588\" data-element_type=\"widget\" data-e-type=\"widget\" data-widget_type=\"text-editor.default\">\n\t\t\t\t<div class=\"elementor-widget-container\">\n\t\t\t\t\t\t\t\t\t<p>Write me your contact information and your wishes. You can also attach a picture example that shows your idea of a picture.\u00a0<\/p>\t\t\t\t\t\t\t\t<\/div>\n\t\t\t\t<\/div>\n\t\t\t\t\t<\/div>\n\t\t<\/div>\n\t\t\t\t\t<\/div>\n\t\t<\/section>\n\t\t\t\t<section class=\"elementor-section elementor-top-section elementor-element elementor-element-f500ca5 elementor-section-boxed elementor-section-height-default elementor-section-height-default\" data-id=\"f500ca5\" data-element_type=\"section\" data-e-type=\"section\">\n\t\t\t\t\t\t<div class=\"elementor-container elementor-column-gap-default\">\n\t\t\t\t\t<div class=\"elementor-column elementor-col-100 elementor-top-column elementor-element elementor-element-6d4553d\" data-id=\"6d4553d\" data-element_type=\"column\" data-e-type=\"column\">\n\t\t\t<div class=\"elementor-widget-wrap elementor-element-populated\">\n\t\t\t\t\t\t<div class=\"elementor-element elementor-element-9e352f0 elementor-widget elementor-widget-form\" data-id=\"9e352f0\" data-element_type=\"widget\" data-e-type=\"widget\" data-widget_type=\"form.default\">\n\t\t\t\t<div class=\"elementor-widget-container\">\n\t\t\t\t\t \t\t\t\t<\/div>\n\t\t\t\t<\/div>\n\t\t\t\t\t<\/div>\n\t\t<\/div>\n\t\t\t\t\t<\/div>\n\t\t<\/section>\n\t\t\t\t<section class=\"elementor-section elementor-top-section elementor-element elementor-element-1f15823 elementor-section-boxed elementor-section-height-default elementor-section-height-default\" data-id=\"1f15823\" data-element_type=\"section\" data-e-type=\"section\">\n\t\t\t\t\t\t<div class=\"elementor-container elementor-column-gap-default\">\n\t\t\t\t\t<div class=\"elementor-column elementor-col-100 elementor-top-column elementor-element elementor-element-51e88ff\" data-id=\"51e88ff\" data-element_type=\"column\" data-e-type=\"column\">\n\t\t\t<div class=\"elementor-widget-wrap elementor-element-populated\">\n\t\t\t\t\t\t<div class=\"elementor-element elementor-element-c73d2ae elementor-widget elementor-widget-text-editor\" data-id=\"c73d2ae\" data-element_type=\"widget\" data-e-type=\"widget\" data-widget_type=\"text-editor.default\">\n\t\t\t\t<div class=\"elementor-widget-container\">\n\t\t\t\t\t\t\t\t\t<p>** Data from the contact form will not be used for advertising purposes, but only to answer your inquiry. Your privacy is strictly protected. You can read more about Privacy policy here. <a href=\"https:\/\/plantelish.com\/en\/pogoji-poslovanja\/\">here<\/a>.<\/p>\t\t\t\t\t\t\t\t<\/div>\n\t\t\t\t<\/div>\n\t\t\t\t\t<\/div>\n\t\t<\/div>\n\t\t\t\t\t<\/div>\n\t\t<\/section>\n\t\t\t\t<\/div>","protected":false},"excerpt":{"rendered":"<p>ODDAJ POVPRA\u0160EVANJE V spodnjo tabelo mi napi\u0161ite va\u0161e kontaktne podatke in pripi\u0161ite svoje \u017eelje. Lahko tudi prilo\u017eite kako datoteko s skico, ki prikazuje va\u0161o idejo ali sliko.\u00a0 **\u00a0Podatki iz kontaktnega obrazca, se ne bodo uporabljali v namene ogla\u0161evanja temve\u010d zgolj za odgovor na va\u0161e povpra\u0161evanje. Va\u0161a zasebnost je strogo varovana. Ve\u010d si lahko preberete tukaj.<\/p>","protected":false},"author":1,"featured_media":0,"parent":0,"menu_order":0,"comment_status":"closed","ping_status":"closed","template":"","meta":{"footnotes":""},"class_list":["post-3650","page","type-page","status-publish","hentry"],"yoast_head":"<!-- This site is optimized with the Yoast SEO plugin v27.5 - https:\/\/yoast.com\/product\/yoast-seo-wordpress\/ -->\n<title>Povpra\u0161evanje - Plantelish<\/title>\n<meta name=\"robots\" content=\"index, follow, max-snippet:-1, max-image-preview:large, max-video-preview:-1\" \/>\n<link rel=\"canonical\" href=\"https:\/\/plantelish.com\/en\/povprasevanje\/\" \/>\n<meta property=\"og:locale\" content=\"en_GB\" \/>\n<meta property=\"og:type\" content=\"article\" \/>\n<meta property=\"og:title\" content=\"Povpra\u0161evanje - Plantelish\" \/>\n<meta property=\"og:description\" content=\"ODDAJ POVPRA\u0160EVANJE V spodnjo tabelo mi napi\u0161ite va\u0161e kontaktne podatke in pripi\u0161ite svoje \u017eelje. Lahko tudi prilo\u017eite kako datoteko s skico, ki prikazuje va\u0161o idejo ali sliko.\u00a0 **\u00a0Podatki iz kontaktnega obrazca, se ne bodo uporabljali v namene ogla\u0161evanja temve\u010d zgolj za odgovor na va\u0161e povpra\u0161evanje. Va\u0161a zasebnost je strogo varovana. Ve\u010d si lahko preberete tukaj.\" \/>\n<meta property=\"og:url\" content=\"https:\/\/plantelish.com\/en\/povprasevanje\/\" \/>\n<meta property=\"og:site_name\" content=\"Plantelish\" \/>\n<meta property=\"article:modified_time\" content=\"2023-12-07T14:00:50+00:00\" \/>\n<meta property=\"og:image\" content=\"https:\/\/plantelish.com\/wp-content\/uploads\/2023\/01\/ikonca.png\" \/>\n<meta name=\"twitter:card\" content=\"summary_large_image\" \/>\n<meta name=\"twitter:label1\" content=\"Estimated reading time\" \/>\n\t<meta name=\"twitter:data1\" content=\"1 minute\" \/>\n<script type=\"application\/ld+json\" class=\"yoast-schema-graph\">{\"@context\":\"https:\\\/\\\/schema.org\",\"@graph\":[{\"@type\":\"WebPage\",\"@id\":\"https:\\\/\\\/plantelish.com\\\/povprasevanje\\\/\",\"url\":\"https:\\\/\\\/plantelish.com\\\/povprasevanje\\\/\",\"name\":\"Povpra\u0161evanje - Plantelish\",\"isPartOf\":{\"@id\":\"https:\\\/\\\/plantelish.com\\\/#website\"},\"primaryImageOfPage\":{\"@id\":\"https:\\\/\\\/plantelish.com\\\/povprasevanje\\\/#primaryimage\"},\"image\":{\"@id\":\"https:\\\/\\\/plantelish.com\\\/povprasevanje\\\/#primaryimage\"},\"thumbnailUrl\":\"https:\\\/\\\/plantelish.com\\\/wp-content\\\/uploads\\\/2023\\\/01\\\/ikonca.png\",\"datePublished\":\"2023-01-06T08:15:22+00:00\",\"dateModified\":\"2023-12-07T14:00:50+00:00\",\"breadcrumb\":{\"@id\":\"https:\\\/\\\/plantelish.com\\\/povprasevanje\\\/#breadcrumb\"},\"inLanguage\":\"en-GB\",\"potentialAction\":[{\"@type\":\"ReadAction\",\"target\":[\"https:\\\/\\\/plantelish.com\\\/povprasevanje\\\/\"]}]},{\"@type\":\"ImageObject\",\"inLanguage\":\"en-GB\",\"@id\":\"https:\\\/\\\/plantelish.com\\\/povprasevanje\\\/#primaryimage\",\"url\":\"https:\\\/\\\/plantelish.com\\\/wp-content\\\/uploads\\\/2023\\\/01\\\/ikonca.png\",\"contentUrl\":\"https:\\\/\\\/plantelish.com\\\/wp-content\\\/uploads\\\/2023\\\/01\\\/ikonca.png\"},{\"@type\":\"BreadcrumbList\",\"@id\":\"https:\\\/\\\/plantelish.com\\\/povprasevanje\\\/#breadcrumb\",\"itemListElement\":[{\"@type\":\"ListItem\",\"position\":1,\"name\":\"Home\",\"item\":\"https:\\\/\\\/plantelish.com\\\/\"},{\"@type\":\"ListItem\",\"position\":2,\"name\":\"Povpra\u0161evanje\"}]},{\"@type\":\"WebSite\",\"@id\":\"https:\\\/\\\/plantelish.com\\\/#website\",\"url\":\"https:\\\/\\\/plantelish.com\\\/\",\"name\":\"Plantelish\",\"description\":\"Zeleni mir v va\u0161em domu\",\"publisher\":{\"@id\":\"https:\\\/\\\/plantelish.com\\\/#organization\"},\"potentialAction\":[{\"@type\":\"SearchAction\",\"target\":{\"@type\":\"EntryPoint\",\"urlTemplate\":\"https:\\\/\\\/plantelish.com\\\/?s={search_term_string}\"},\"query-input\":{\"@type\":\"PropertyValueSpecification\",\"valueRequired\":true,\"valueName\":\"search_term_string\"}}],\"inLanguage\":\"en-GB\"},{\"@type\":\"Organization\",\"@id\":\"https:\\\/\\\/plantelish.com\\\/#organization\",\"name\":\"Plantelish\",\"url\":\"https:\\\/\\\/plantelish.com\\\/\",\"logo\":{\"@type\":\"ImageObject\",\"inLanguage\":\"en-GB\",\"@id\":\"https:\\\/\\\/plantelish.com\\\/#\\\/schema\\\/logo\\\/image\\\/\",\"url\":\"https:\\\/\\\/plantelish.com\\\/wp-content\\\/uploads\\\/2022\\\/11\\\/LOGO.png\",\"contentUrl\":\"https:\\\/\\\/plantelish.com\\\/wp-content\\\/uploads\\\/2022\\\/11\\\/LOGO.png\",\"width\":1364,\"height\":1364,\"caption\":\"Plantelish\"},\"image\":{\"@id\":\"https:\\\/\\\/plantelish.com\\\/#\\\/schema\\\/logo\\\/image\\\/\"}}]}<\/script>\n<!-- \/ Yoast SEO plugin. -->","yoast_head_json":{"title":"Povpra\u0161evanje - Plantelish","robots":{"index":"index","follow":"follow","max-snippet":"max-snippet:-1","max-image-preview":"max-image-preview:large","max-video-preview":"max-video-preview:-1"},"canonical":"https:\/\/plantelish.com\/en\/povprasevanje\/","og_locale":"en_GB","og_type":"article","og_title":"Povpra\u0161evanje - Plantelish","og_description":"ODDAJ POVPRA\u0160EVANJE V spodnjo tabelo mi napi\u0161ite va\u0161e kontaktne podatke in pripi\u0161ite svoje \u017eelje. Lahko tudi prilo\u017eite kako datoteko s skico, ki prikazuje va\u0161o idejo ali sliko.\u00a0 **\u00a0Podatki iz kontaktnega obrazca, se ne bodo uporabljali v namene ogla\u0161evanja temve\u010d zgolj za odgovor na va\u0161e povpra\u0161evanje. Va\u0161a zasebnost je strogo varovana. Ve\u010d si lahko preberete tukaj.","og_url":"https:\/\/plantelish.com\/en\/povprasevanje\/","og_site_name":"Plantelish","article_modified_time":"2023-12-07T14:00:50+00:00","og_image":[{"url":"https:\/\/plantelish.com\/wp-content\/uploads\/2023\/01\/ikonca.png","type":"","width":"","height":""}],"twitter_card":"summary_large_image","twitter_misc":{"Estimated reading time":"1 minute"},"schema":{"@context":"https:\/\/schema.org","@graph":[{"@type":"WebPage","@id":"https:\/\/plantelish.com\/povprasevanje\/","url":"https:\/\/plantelish.com\/povprasevanje\/","name":"Povpra\u0161evanje - Plantelish","isPartOf":{"@id":"https:\/\/plantelish.com\/#website"},"primaryImageOfPage":{"@id":"https:\/\/plantelish.com\/povprasevanje\/#primaryimage"},"image":{"@id":"https:\/\/plantelish.com\/povprasevanje\/#primaryimage"},"thumbnailUrl":"https:\/\/plantelish.com\/wp-content\/uploads\/2023\/01\/ikonca.png","datePublished":"2023-01-06T08:15:22+00:00","dateModified":"2023-12-07T14:00:50+00:00","breadcrumb":{"@id":"https:\/\/plantelish.com\/povprasevanje\/#breadcrumb"},"inLanguage":"en-GB","potentialAction":[{"@type":"ReadAction","target":["https:\/\/plantelish.com\/povprasevanje\/"]}]},{"@type":"ImageObject","inLanguage":"en-GB","@id":"https:\/\/plantelish.com\/povprasevanje\/#primaryimage","url":"https:\/\/plantelish.com\/wp-content\/uploads\/2023\/01\/ikonca.png","contentUrl":"https:\/\/plantelish.com\/wp-content\/uploads\/2023\/01\/ikonca.png"},{"@type":"BreadcrumbList","@id":"https:\/\/plantelish.com\/povprasevanje\/#breadcrumb","itemListElement":[{"@type":"ListItem","position":1,"name":"Home","item":"https:\/\/plantelish.com\/"},{"@type":"ListItem","position":2,"name":"Povpra\u0161evanje"}]},{"@type":"WebSite","@id":"https:\/\/plantelish.com\/#website","url":"https:\/\/plantelish.com\/","name":"Plantelish","description":"Zeleni mir v va\u0161em domu","publisher":{"@id":"https:\/\/plantelish.com\/#organization"},"potentialAction":[{"@type":"SearchAction","target":{"@type":"EntryPoint","urlTemplate":"https:\/\/plantelish.com\/?s={search_term_string}"},"query-input":{"@type":"PropertyValueSpecification","valueRequired":true,"valueName":"search_term_string"}}],"inLanguage":"en-GB"},{"@type":"Organization","@id":"https:\/\/plantelish.com\/#organization","name":"Plantelish","url":"https:\/\/plantelish.com\/","logo":{"@type":"ImageObject","inLanguage":"en-GB","@id":"https:\/\/plantelish.com\/#\/schema\/logo\/image\/","url":"https:\/\/plantelish.com\/wp-content\/uploads\/2022\/11\/LOGO.png","contentUrl":"https:\/\/plantelish.com\/wp-content\/uploads\/2022\/11\/LOGO.png","width":1364,"height":1364,"caption":"Plantelish"},"image":{"@id":"https:\/\/plantelish.com\/#\/schema\/logo\/image\/"}}]}},"_links":{"self":[{"href":"https:\/\/plantelish.com\/en\/wp-json\/wp\/v2\/pages\/3650","targetHints":{"allow":["GET"]}}],"collection":[{"href":"https:\/\/plantelish.com\/en\/wp-json\/wp\/v2\/pages"}],"about":[{"href":"https:\/\/plantelish.com\/en\/wp-json\/wp\/v2\/types\/page"}],"author":[{"embeddable":true,"href":"https:\/\/plantelish.com\/en\/wp-json\/wp\/v2\/users\/1"}],"replies":[{"embeddable":true,"href":"https:\/\/plantelish.com\/en\/wp-json\/wp\/v2\/comments?post=3650"}],"version-history":[{"count":6,"href":"https:\/\/plantelish.com\/en\/wp-json\/wp\/v2\/pages\/3650\/revisions"}],"predecessor-version":[{"id":5644,"href":"https:\/\/plantelish.com\/en\/wp-json\/wp\/v2\/pages\/3650\/revisions\/5644"}],"wp:attachment":[{"href":"https:\/\/plantelish.com\/en\/wp-json\/wp\/v2\/media?parent=3650"}],"curies":[{"name":"wp","href":"https:\/\/api.w.org\/{rel}","templated":true}]}}