{"id":2689,"date":"2022-12-02T06:30:43","date_gmt":"2022-12-02T05:30:43","guid":{"rendered":"http:\/\/plantelish.sm-art.me\/?post_type=product&#038;p=2689"},"modified":"2024-01-29T12:53:16","modified_gmt":"2024-01-29T10:53:16","slug":"monstera","status":"publish","type":"product","link":"https:\/\/plantelish.com\/en\/monstera\/","title":{"rendered":"Monstera bag"},"content":{"rendered":"","protected":false},"excerpt":{"rendered":"<p><strong>Handmade bag with Monstera motif was created in collaboration with the Slovenian entrepreneur\nPopikoki.<\/strong><br \/>\nThe bag is made using the freehand sewing technique.<br \/>\nThe bag is fashionable, original and of high quality. It closes with a zipper and is very roomy.<br \/>\nIt has 2 small pockets, one of which closes with a zipper.<br \/>\nA GIFT is attached to the bag - an indispensable Popikoki pendant for a happy day!<\/p>\n<ul>\n<li><strong>Dimension:<\/strong> M - approx. 13,7 x 15.7 inches ( 35x40cm)<\/li>\n<li><strong>Length of handles:<\/strong> two short 22,8 inches and long\/extendable and detachable belt<\/li>\n<li><strong>Color:<\/strong> gray<\/li>\n<li><strong>Interior color:<\/strong> black<\/li>\n<li><strong>Material: <\/strong>quality artificial leather\/cotton lining.<\/li>\n<li><strong>Slovenian handmade product<\/strong><\/li>\n<\/ul>\n<p><strong>CLEANING:<\/strong> Synthetic leather handbags are mostly easy to maintain. They can be easily cleaned with\ncleaning (baby) wipes or with lukewarm water or detergent and a softer sponge<\/p>\n<p><strong>Delivery time:<\/strong> the bag has to be made by hand according to the order, so the delivery time is longer, it\ncan take 14-30 days.<\/p>","protected":false},"featured_media":2509,"comment_status":"open","ping_status":"closed","template":"","meta":[],"product_brand":[],"product_cat":[16,19],"product_tag":[18],"class_list":{"0":"post-2689","1":"product","2":"type-product","3":"status-publish","4":"has-post-thumbnail","6":"product_cat-plantelish-bags","7":"product_cat-torba","8":"product_tag-sodobno","9":"product_shipping_class-visja-postnina","11":"first","12":"instock","13":"shipping-taxable","14":"purchasable","15":"product-type-simple"},"yoast_head":"<!-- This site is optimized with the Yoast SEO plugin v27.4 - https:\/\/yoast.com\/product\/yoast-seo-wordpress\/ -->\n<title>Torbica Monstera - Plantelish<\/title>\n<meta name=\"robots\" content=\"index, follow, max-snippet:-1, max-image-preview:large, max-video-preview:-1\" \/>\n<link rel=\"canonical\" href=\"https:\/\/plantelish.com\/en\/monstera\/\" \/>\n<meta property=\"og:locale\" content=\"en_GB\" \/>\n<meta property=\"og:type\" content=\"article\" \/>\n<meta property=\"og:title\" content=\"Torbica Monstera - Plantelish\" \/>\n<meta property=\"og:description\" content=\"Ro\u010dno izdelana torba v sodelovanju s slovenskim podjetjem Popikoki z motivom Monstere. Torbica je izdelana v tehniki prostoro\u010dnega \u0161ivanja. Torbica je modna, orginalna in kakovostna. Zapira se z zadrgo in je zelo prostorna. Ima 2 \u017eepka za drobnarije, eden se zapira z zadrgo. Na torbici pa je pripeto DARILO - nepogre\u0161ljiv Popikoki obesek za lep\u0161i dan.   Velikost: M - cca 35x40cm  Dol\u017eina ro\u010dajev: dva kratka 58 cm in dolg\/podalj\u0161ljiv in snemljiv pas  Barva: siva  Barva notranjosti: \u010drna  Material: kakovostno umetno usnje\/bomba\u017ena podloga.  Slovenski ro\u010dno izdelani izdelek  \u010cI\u0160\u010cENJE: Torbice iz umetnega usnja za vzdr\u017eevanje ve\u010dinoma niso zahtevne. Lahko se enostavno o\u010distijo z \u010distilnimi (baby) rob\u010dki ali pa kar z mla\u010dno vodo oz. detergentom in mehkej\u0161o gobico  \u010cas dostave: torbico je potrebno po naro\u010dilu \u0161e ro\u010dno izdelati, zato je rok dobave dalj\u0161i, lahko traja tudi 14-30 dni.\" \/>\n<meta property=\"og:url\" content=\"https:\/\/plantelish.com\/en\/monstera\/\" \/>\n<meta property=\"og:site_name\" content=\"Plantelish\" \/>\n<meta property=\"article:modified_time\" content=\"2024-01-29T10:53:16+00:00\" \/>\n<meta property=\"og:image\" content=\"https:\/\/plantelish.com\/wp-content\/uploads\/2022\/12\/317476329_1205069757089470_3931509211696443690_n.jpg\" \/>\n\t<meta property=\"og:image:width\" content=\"750\" \/>\n\t<meta property=\"og:image:height\" content=\"1012\" \/>\n\t<meta property=\"og:image:type\" content=\"image\/jpeg\" \/>\n<meta name=\"twitter:card\" content=\"summary_large_image\" \/>\n<meta name=\"twitter:label1\" content=\"Estimated reading time\" \/>\n\t<meta name=\"twitter:data1\" content=\"1 minute\" \/>\n<script type=\"application\/ld+json\" class=\"yoast-schema-graph\">{\"@context\":\"https:\\\/\\\/schema.org\",\"@graph\":[{\"@type\":\"WebPage\",\"@id\":\"https:\\\/\\\/plantelish.com\\\/monstera\\\/\",\"url\":\"https:\\\/\\\/plantelish.com\\\/monstera\\\/\",\"name\":\"Torbica Monstera - Plantelish\",\"isPartOf\":{\"@id\":\"https:\\\/\\\/plantelish.com\\\/#website\"},\"primaryImageOfPage\":{\"@id\":\"https:\\\/\\\/plantelish.com\\\/monstera\\\/#primaryimage\"},\"image\":{\"@id\":\"https:\\\/\\\/plantelish.com\\\/monstera\\\/#primaryimage\"},\"thumbnailUrl\":\"https:\\\/\\\/plantelish.com\\\/wp-content\\\/uploads\\\/2022\\\/12\\\/317476329_1205069757089470_3931509211696443690_n.jpg\",\"datePublished\":\"2022-12-02T05:30:43+00:00\",\"dateModified\":\"2024-01-29T10:53:16+00:00\",\"breadcrumb\":{\"@id\":\"https:\\\/\\\/plantelish.com\\\/monstera\\\/#breadcrumb\"},\"inLanguage\":\"en-GB\",\"potentialAction\":[{\"@type\":\"ReadAction\",\"target\":[\"https:\\\/\\\/plantelish.com\\\/monstera\\\/\"]}]},{\"@type\":\"ImageObject\",\"inLanguage\":\"en-GB\",\"@id\":\"https:\\\/\\\/plantelish.com\\\/monstera\\\/#primaryimage\",\"url\":\"https:\\\/\\\/plantelish.com\\\/wp-content\\\/uploads\\\/2022\\\/12\\\/317476329_1205069757089470_3931509211696443690_n.jpg\",\"contentUrl\":\"https:\\\/\\\/plantelish.com\\\/wp-content\\\/uploads\\\/2022\\\/12\\\/317476329_1205069757089470_3931509211696443690_n.jpg\",\"width\":750,\"height\":1012},{\"@type\":\"BreadcrumbList\",\"@id\":\"https:\\\/\\\/plantelish.com\\\/monstera\\\/#breadcrumb\",\"itemListElement\":[{\"@type\":\"ListItem\",\"position\":1,\"name\":\"Home\",\"item\":\"https:\\\/\\\/plantelish.com\\\/\"},{\"@type\":\"ListItem\",\"position\":2,\"name\":\"Izdelki\",\"item\":\"https:\\\/\\\/plantelish.com\\\/shop\\\/\"},{\"@type\":\"ListItem\",\"position\":3,\"name\":\"Torbica Monstera\"}]},{\"@type\":\"WebSite\",\"@id\":\"https:\\\/\\\/plantelish.com\\\/#website\",\"url\":\"https:\\\/\\\/plantelish.com\\\/\",\"name\":\"Plantelish\",\"description\":\"Zeleni mir v va\u0161em domu\",\"publisher\":{\"@id\":\"https:\\\/\\\/plantelish.com\\\/#organization\"},\"potentialAction\":[{\"@type\":\"SearchAction\",\"target\":{\"@type\":\"EntryPoint\",\"urlTemplate\":\"https:\\\/\\\/plantelish.com\\\/?s={search_term_string}\"},\"query-input\":{\"@type\":\"PropertyValueSpecification\",\"valueRequired\":true,\"valueName\":\"search_term_string\"}}],\"inLanguage\":\"en-GB\"},{\"@type\":\"Organization\",\"@id\":\"https:\\\/\\\/plantelish.com\\\/#organization\",\"name\":\"Plantelish\",\"url\":\"https:\\\/\\\/plantelish.com\\\/\",\"logo\":{\"@type\":\"ImageObject\",\"inLanguage\":\"en-GB\",\"@id\":\"https:\\\/\\\/plantelish.com\\\/#\\\/schema\\\/logo\\\/image\\\/\",\"url\":\"https:\\\/\\\/plantelish.com\\\/wp-content\\\/uploads\\\/2022\\\/11\\\/LOGO.png\",\"contentUrl\":\"https:\\\/\\\/plantelish.com\\\/wp-content\\\/uploads\\\/2022\\\/11\\\/LOGO.png\",\"width\":1364,\"height\":1364,\"caption\":\"Plantelish\"},\"image\":{\"@id\":\"https:\\\/\\\/plantelish.com\\\/#\\\/schema\\\/logo\\\/image\\\/\"}}]}<\/script>\n<!-- \/ Yoast SEO plugin. -->","yoast_head_json":{"title":"Torbica Monstera - Plantelish","robots":{"index":"index","follow":"follow","max-snippet":"max-snippet:-1","max-image-preview":"max-image-preview:large","max-video-preview":"max-video-preview:-1"},"canonical":"https:\/\/plantelish.com\/en\/monstera\/","og_locale":"en_GB","og_type":"article","og_title":"Torbica Monstera - Plantelish","og_description":"Ro\u010dno izdelana torba v sodelovanju s slovenskim podjetjem Popikoki z motivom Monstere. Torbica je izdelana v tehniki prostoro\u010dnega \u0161ivanja. Torbica je modna, orginalna in kakovostna. Zapira se z zadrgo in je zelo prostorna. Ima 2 \u017eepka za drobnarije, eden se zapira z zadrgo. Na torbici pa je pripeto DARILO - nepogre\u0161ljiv Popikoki obesek za lep\u0161i dan.   Velikost: M - cca 35x40cm  Dol\u017eina ro\u010dajev: dva kratka 58 cm in dolg\/podalj\u0161ljiv in snemljiv pas  Barva: siva  Barva notranjosti: \u010drna  Material: kakovostno umetno usnje\/bomba\u017ena podloga.  Slovenski ro\u010dno izdelani izdelek  \u010cI\u0160\u010cENJE: Torbice iz umetnega usnja za vzdr\u017eevanje ve\u010dinoma niso zahtevne. Lahko se enostavno o\u010distijo z \u010distilnimi (baby) rob\u010dki ali pa kar z mla\u010dno vodo oz. detergentom in mehkej\u0161o gobico  \u010cas dostave: torbico je potrebno po naro\u010dilu \u0161e ro\u010dno izdelati, zato je rok dobave dalj\u0161i, lahko traja tudi 14-30 dni.","og_url":"https:\/\/plantelish.com\/en\/monstera\/","og_site_name":"Plantelish","article_modified_time":"2024-01-29T10:53:16+00:00","og_image":[{"width":750,"height":1012,"url":"https:\/\/plantelish.com\/wp-content\/uploads\/2022\/12\/317476329_1205069757089470_3931509211696443690_n.jpg","type":"image\/jpeg"}],"twitter_card":"summary_large_image","twitter_misc":{"Estimated reading time":"1 minute"},"schema":{"@context":"https:\/\/schema.org","@graph":[{"@type":"WebPage","@id":"https:\/\/plantelish.com\/monstera\/","url":"https:\/\/plantelish.com\/monstera\/","name":"Torbica Monstera - Plantelish","isPartOf":{"@id":"https:\/\/plantelish.com\/#website"},"primaryImageOfPage":{"@id":"https:\/\/plantelish.com\/monstera\/#primaryimage"},"image":{"@id":"https:\/\/plantelish.com\/monstera\/#primaryimage"},"thumbnailUrl":"https:\/\/plantelish.com\/wp-content\/uploads\/2022\/12\/317476329_1205069757089470_3931509211696443690_n.jpg","datePublished":"2022-12-02T05:30:43+00:00","dateModified":"2024-01-29T10:53:16+00:00","breadcrumb":{"@id":"https:\/\/plantelish.com\/monstera\/#breadcrumb"},"inLanguage":"en-GB","potentialAction":[{"@type":"ReadAction","target":["https:\/\/plantelish.com\/monstera\/"]}]},{"@type":"ImageObject","inLanguage":"en-GB","@id":"https:\/\/plantelish.com\/monstera\/#primaryimage","url":"https:\/\/plantelish.com\/wp-content\/uploads\/2022\/12\/317476329_1205069757089470_3931509211696443690_n.jpg","contentUrl":"https:\/\/plantelish.com\/wp-content\/uploads\/2022\/12\/317476329_1205069757089470_3931509211696443690_n.jpg","width":750,"height":1012},{"@type":"BreadcrumbList","@id":"https:\/\/plantelish.com\/monstera\/#breadcrumb","itemListElement":[{"@type":"ListItem","position":1,"name":"Home","item":"https:\/\/plantelish.com\/"},{"@type":"ListItem","position":2,"name":"Izdelki","item":"https:\/\/plantelish.com\/shop\/"},{"@type":"ListItem","position":3,"name":"Torbica Monstera"}]},{"@type":"WebSite","@id":"https:\/\/plantelish.com\/#website","url":"https:\/\/plantelish.com\/","name":"Plantelish","description":"Zeleni mir v va\u0161em domu","publisher":{"@id":"https:\/\/plantelish.com\/#organization"},"potentialAction":[{"@type":"SearchAction","target":{"@type":"EntryPoint","urlTemplate":"https:\/\/plantelish.com\/?s={search_term_string}"},"query-input":{"@type":"PropertyValueSpecification","valueRequired":true,"valueName":"search_term_string"}}],"inLanguage":"en-GB"},{"@type":"Organization","@id":"https:\/\/plantelish.com\/#organization","name":"Plantelish","url":"https:\/\/plantelish.com\/","logo":{"@type":"ImageObject","inLanguage":"en-GB","@id":"https:\/\/plantelish.com\/#\/schema\/logo\/image\/","url":"https:\/\/plantelish.com\/wp-content\/uploads\/2022\/11\/LOGO.png","contentUrl":"https:\/\/plantelish.com\/wp-content\/uploads\/2022\/11\/LOGO.png","width":1364,"height":1364,"caption":"Plantelish"},"image":{"@id":"https:\/\/plantelish.com\/#\/schema\/logo\/image\/"}}]}},"_links":{"self":[{"href":"https:\/\/plantelish.com\/en\/wp-json\/wp\/v2\/product\/2689","targetHints":{"allow":["GET"]}}],"collection":[{"href":"https:\/\/plantelish.com\/en\/wp-json\/wp\/v2\/product"}],"about":[{"href":"https:\/\/plantelish.com\/en\/wp-json\/wp\/v2\/types\/product"}],"replies":[{"embeddable":true,"href":"https:\/\/plantelish.com\/en\/wp-json\/wp\/v2\/comments?post=2689"}],"wp:featuredmedia":[{"embeddable":true,"href":"https:\/\/plantelish.com\/en\/wp-json\/wp\/v2\/media\/2509"}],"wp:attachment":[{"href":"https:\/\/plantelish.com\/en\/wp-json\/wp\/v2\/media?parent=2689"}],"wp:term":[{"taxonomy":"product_brand","embeddable":true,"href":"https:\/\/plantelish.com\/en\/wp-json\/wp\/v2\/product_brand?post=2689"},{"taxonomy":"product_cat","embeddable":true,"href":"https:\/\/plantelish.com\/en\/wp-json\/wp\/v2\/product_cat?post=2689"},{"taxonomy":"product_tag","embeddable":true,"href":"https:\/\/plantelish.com\/en\/wp-json\/wp\/v2\/product_tag?post=2689"}],"curies":[{"name":"wp","href":"https:\/\/api.w.org\/{rel}","templated":true}]}}