{"id":3222,"date":"2023-01-03T09:41:24","date_gmt":"2023-01-03T08:41:24","guid":{"rendered":"http:\/\/plantelish.sm-art.me\/?post_type=product&#038;p=3222"},"modified":"2024-01-29T12:53:12","modified_gmt":"2024-01-29T10:53:12","slug":"custom-t-shirt","status":"publish","type":"product","link":"https:\/\/plantelish.com\/en\/custom-t-shirt\/","title":{"rendered":"T-shirt with printed custom artwork"},"content":{"rendered":"","protected":false},"excerpt":{"rendered":"<p>Po \u017eelji vam na majico natisnem personalizirano ilustracijo.<br \/>\n\u010cudovita majica s kratkimi rokavi bele barve z unikatnim tiskom, ki je moje avtorsko delo.<br \/>\nMotiv na majici ilustriram po naro\u010dilu, upo\u0161tevajo\u010d va\u0161e \u017eelje.<br \/>\nBodite samosvoja s tem unikatnim kosom obla\u010dila.<br \/>\nThe shirt is white and available in sizes: XS, S, M, L, XL and XXL.<br \/>\n<strong>Material:<\/strong> 94% combed cotton, 6% elastane.<br \/>\nAn excellent choice for a gift.<br \/>\n<strong>Pla\u010dilo je potrebno delno poravnati vnaprej<\/strong> pred samim za\u010detkom ustvarjanja. Okvirna cena za personalizirano majico se giblje okoli 1oo \u20ac, vendar je dokon\u010dna cena odvisna od va\u0161ih \u017eelja, zato se veselim va\u0161ega povpra\u0161evanja. Ob majici prejmete tudi doti\u010dno originalno sliko po meri.<br \/>\n<strong>Production time:<\/strong> 5 to 14 working days and starts from the date of payment. The production time may be\nextended due to excessive orders. You will be informed about this in real time.<br \/>\n<strong>Delivery time:<\/strong> 1-3 days for Slovenian customers, 7-21 days for international customers<\/p>\n<p><a href=\"https:\/\/plantelish.com\/sl\/povprasevanje\/\">SEND ME AN INQUIRY<\/a><\/p>","protected":false},"featured_media":3224,"comment_status":"open","ping_status":"closed","template":"","meta":[],"product_brand":[],"product_cat":[26,28],"product_tag":[18],"class_list":{"0":"post-3222","1":"product","2":"type-product","3":"status-publish","4":"has-post-thumbnail","6":"product_cat-plantelish-majice","7":"product_cat-planatelish-t-shirts","8":"product_tag-sodobno","9":"product_shipping_class-visja-postnina","11":"first","12":"instock","13":"shipping-taxable","14":"product-type-simple"},"yoast_head":"<!-- This site is optimized with the Yoast SEO plugin v27.4 - https:\/\/yoast.com\/product\/yoast-seo-wordpress\/ -->\n<title>Personalizirana majica - Plantelish<\/title>\n<meta name=\"robots\" content=\"index, follow, max-snippet:-1, max-image-preview:large, max-video-preview:-1\" \/>\n<link rel=\"canonical\" href=\"https:\/\/plantelish.com\/en\/custom-t-shirt\/\" \/>\n<meta property=\"og:locale\" content=\"en_GB\" \/>\n<meta property=\"og:type\" content=\"article\" \/>\n<meta property=\"og:title\" content=\"Personalizirana majica - Plantelish\" \/>\n<meta property=\"og:description\" content=\"Po \u017eelji vam na majico natisnem personalizirano ilustracijo. \u010cudovita majica s kratkimi rokavi bele barve z unikatnim tiskom, ki je moje avtorsko delo. Motiv na majici ilustriram po naro\u010dilu, upo\u0161tevajo\u010d va\u0161e \u017eelje. Bodite samosvoja s tem unikatnim kosom obla\u010dila. Majica je bele barve in je dobavljiva v velikosti: XS, S, M, L, XL in XXL. Material: 94% \u010desan bomba\u017e, 6% elastan Odli\u010dna izbira tudi za darilo. Pla\u010dilo je potrebno delno poravnati vnaprej pred samim za\u010detkom ustvarjanja. Okvirna cena za personalizirano majico se giblje okoli 1oo \u20ac, vendar je dokon\u010dna cena odvisna od va\u0161ih \u017eelja, zato se veselim va\u0161ega povpra\u0161evanja. Ob majici prejmete tudi doti\u010dno originalno sliko po meri. Rok izdelave: je od 2 do 14 delovnih dni in veljati za\u010dne od dneva prejetega pla\u010dila. Rok izdelave se lahko podalj\u0161a zaradi prevelike koli\u010dine naro\u010dil. O tem boste sproti obve\u0161\u010deni. \u010cas dostave: 1 \u2013 3 dni po zaklju\u010dku izdelave.  PO\u0160LJI MI POVPRA\u0160EVANJE\" \/>\n<meta property=\"og:url\" content=\"https:\/\/plantelish.com\/en\/custom-t-shirt\/\" \/>\n<meta property=\"og:site_name\" content=\"Plantelish\" \/>\n<meta property=\"article:modified_time\" content=\"2024-01-29T10:53:12+00:00\" \/>\n<meta property=\"og:image\" content=\"https:\/\/plantelish.com\/wp-content\/uploads\/2023\/01\/PERSONALIZIRANA-MAJICA-PLANTELISH-3.jpg\" \/>\n\t<meta property=\"og:image:width\" content=\"534\" \/>\n\t<meta property=\"og:image:height\" content=\"805\" \/>\n\t<meta property=\"og:image:type\" content=\"image\/jpeg\" \/>\n<meta name=\"twitter:card\" content=\"summary_large_image\" \/>\n<meta name=\"twitter:label1\" content=\"Estimated reading time\" \/>\n\t<meta name=\"twitter:data1\" content=\"1 minute\" \/>\n<script type=\"application\/ld+json\" class=\"yoast-schema-graph\">{\"@context\":\"https:\\\/\\\/schema.org\",\"@graph\":[{\"@type\":\"WebPage\",\"@id\":\"https:\\\/\\\/plantelish.com\\\/custom-t-shirt\\\/\",\"url\":\"https:\\\/\\\/plantelish.com\\\/custom-t-shirt\\\/\",\"name\":\"Personalizirana majica - Plantelish\",\"isPartOf\":{\"@id\":\"https:\\\/\\\/plantelish.com\\\/#website\"},\"primaryImageOfPage\":{\"@id\":\"https:\\\/\\\/plantelish.com\\\/custom-t-shirt\\\/#primaryimage\"},\"image\":{\"@id\":\"https:\\\/\\\/plantelish.com\\\/custom-t-shirt\\\/#primaryimage\"},\"thumbnailUrl\":\"https:\\\/\\\/plantelish.com\\\/wp-content\\\/uploads\\\/2023\\\/01\\\/PERSONALIZIRANA-MAJICA-PLANTELISH-3.jpg\",\"datePublished\":\"2023-01-03T08:41:24+00:00\",\"dateModified\":\"2024-01-29T10:53:12+00:00\",\"breadcrumb\":{\"@id\":\"https:\\\/\\\/plantelish.com\\\/custom-t-shirt\\\/#breadcrumb\"},\"inLanguage\":\"en-GB\",\"potentialAction\":[{\"@type\":\"ReadAction\",\"target\":[\"https:\\\/\\\/plantelish.com\\\/custom-t-shirt\\\/\"]}]},{\"@type\":\"ImageObject\",\"inLanguage\":\"en-GB\",\"@id\":\"https:\\\/\\\/plantelish.com\\\/custom-t-shirt\\\/#primaryimage\",\"url\":\"https:\\\/\\\/plantelish.com\\\/wp-content\\\/uploads\\\/2023\\\/01\\\/PERSONALIZIRANA-MAJICA-PLANTELISH-3.jpg\",\"contentUrl\":\"https:\\\/\\\/plantelish.com\\\/wp-content\\\/uploads\\\/2023\\\/01\\\/PERSONALIZIRANA-MAJICA-PLANTELISH-3.jpg\",\"width\":534,\"height\":805},{\"@type\":\"BreadcrumbList\",\"@id\":\"https:\\\/\\\/plantelish.com\\\/custom-t-shirt\\\/#breadcrumb\",\"itemListElement\":[{\"@type\":\"ListItem\",\"position\":1,\"name\":\"Home\",\"item\":\"https:\\\/\\\/plantelish.com\\\/\"},{\"@type\":\"ListItem\",\"position\":2,\"name\":\"Izdelki\",\"item\":\"https:\\\/\\\/plantelish.com\\\/shop\\\/\"},{\"@type\":\"ListItem\",\"position\":3,\"name\":\"Personalizirana majica\"}]},{\"@type\":\"WebSite\",\"@id\":\"https:\\\/\\\/plantelish.com\\\/#website\",\"url\":\"https:\\\/\\\/plantelish.com\\\/\",\"name\":\"Plantelish\",\"description\":\"Zeleni mir v va\u0161em domu\",\"publisher\":{\"@id\":\"https:\\\/\\\/plantelish.com\\\/#organization\"},\"potentialAction\":[{\"@type\":\"SearchAction\",\"target\":{\"@type\":\"EntryPoint\",\"urlTemplate\":\"https:\\\/\\\/plantelish.com\\\/?s={search_term_string}\"},\"query-input\":{\"@type\":\"PropertyValueSpecification\",\"valueRequired\":true,\"valueName\":\"search_term_string\"}}],\"inLanguage\":\"en-GB\"},{\"@type\":\"Organization\",\"@id\":\"https:\\\/\\\/plantelish.com\\\/#organization\",\"name\":\"Plantelish\",\"url\":\"https:\\\/\\\/plantelish.com\\\/\",\"logo\":{\"@type\":\"ImageObject\",\"inLanguage\":\"en-GB\",\"@id\":\"https:\\\/\\\/plantelish.com\\\/#\\\/schema\\\/logo\\\/image\\\/\",\"url\":\"https:\\\/\\\/plantelish.com\\\/wp-content\\\/uploads\\\/2022\\\/11\\\/LOGO.png\",\"contentUrl\":\"https:\\\/\\\/plantelish.com\\\/wp-content\\\/uploads\\\/2022\\\/11\\\/LOGO.png\",\"width\":1364,\"height\":1364,\"caption\":\"Plantelish\"},\"image\":{\"@id\":\"https:\\\/\\\/plantelish.com\\\/#\\\/schema\\\/logo\\\/image\\\/\"}}]}<\/script>\n<!-- \/ Yoast SEO plugin. -->","yoast_head_json":{"title":"Personalizirana majica - Plantelish","robots":{"index":"index","follow":"follow","max-snippet":"max-snippet:-1","max-image-preview":"max-image-preview:large","max-video-preview":"max-video-preview:-1"},"canonical":"https:\/\/plantelish.com\/en\/custom-t-shirt\/","og_locale":"en_GB","og_type":"article","og_title":"Personalizirana majica - Plantelish","og_description":"Po \u017eelji vam na majico natisnem personalizirano ilustracijo. \u010cudovita majica s kratkimi rokavi bele barve z unikatnim tiskom, ki je moje avtorsko delo. Motiv na majici ilustriram po naro\u010dilu, upo\u0161tevajo\u010d va\u0161e \u017eelje. Bodite samosvoja s tem unikatnim kosom obla\u010dila. Majica je bele barve in je dobavljiva v velikosti: XS, S, M, L, XL in XXL. Material: 94% \u010desan bomba\u017e, 6% elastan Odli\u010dna izbira tudi za darilo. Pla\u010dilo je potrebno delno poravnati vnaprej pred samim za\u010detkom ustvarjanja. Okvirna cena za personalizirano majico se giblje okoli 1oo \u20ac, vendar je dokon\u010dna cena odvisna od va\u0161ih \u017eelja, zato se veselim va\u0161ega povpra\u0161evanja. Ob majici prejmete tudi doti\u010dno originalno sliko po meri. Rok izdelave: je od 2 do 14 delovnih dni in veljati za\u010dne od dneva prejetega pla\u010dila. Rok izdelave se lahko podalj\u0161a zaradi prevelike koli\u010dine naro\u010dil. O tem boste sproti obve\u0161\u010deni. \u010cas dostave: 1 \u2013 3 dni po zaklju\u010dku izdelave.  PO\u0160LJI MI POVPRA\u0160EVANJE","og_url":"https:\/\/plantelish.com\/en\/custom-t-shirt\/","og_site_name":"Plantelish","article_modified_time":"2024-01-29T10:53:12+00:00","og_image":[{"width":534,"height":805,"url":"https:\/\/plantelish.com\/wp-content\/uploads\/2023\/01\/PERSONALIZIRANA-MAJICA-PLANTELISH-3.jpg","type":"image\/jpeg"}],"twitter_card":"summary_large_image","twitter_misc":{"Estimated reading time":"1 minute"},"schema":{"@context":"https:\/\/schema.org","@graph":[{"@type":"WebPage","@id":"https:\/\/plantelish.com\/custom-t-shirt\/","url":"https:\/\/plantelish.com\/custom-t-shirt\/","name":"Personalizirana majica - Plantelish","isPartOf":{"@id":"https:\/\/plantelish.com\/#website"},"primaryImageOfPage":{"@id":"https:\/\/plantelish.com\/custom-t-shirt\/#primaryimage"},"image":{"@id":"https:\/\/plantelish.com\/custom-t-shirt\/#primaryimage"},"thumbnailUrl":"https:\/\/plantelish.com\/wp-content\/uploads\/2023\/01\/PERSONALIZIRANA-MAJICA-PLANTELISH-3.jpg","datePublished":"2023-01-03T08:41:24+00:00","dateModified":"2024-01-29T10:53:12+00:00","breadcrumb":{"@id":"https:\/\/plantelish.com\/custom-t-shirt\/#breadcrumb"},"inLanguage":"en-GB","potentialAction":[{"@type":"ReadAction","target":["https:\/\/plantelish.com\/custom-t-shirt\/"]}]},{"@type":"ImageObject","inLanguage":"en-GB","@id":"https:\/\/plantelish.com\/custom-t-shirt\/#primaryimage","url":"https:\/\/plantelish.com\/wp-content\/uploads\/2023\/01\/PERSONALIZIRANA-MAJICA-PLANTELISH-3.jpg","contentUrl":"https:\/\/plantelish.com\/wp-content\/uploads\/2023\/01\/PERSONALIZIRANA-MAJICA-PLANTELISH-3.jpg","width":534,"height":805},{"@type":"BreadcrumbList","@id":"https:\/\/plantelish.com\/custom-t-shirt\/#breadcrumb","itemListElement":[{"@type":"ListItem","position":1,"name":"Home","item":"https:\/\/plantelish.com\/"},{"@type":"ListItem","position":2,"name":"Izdelki","item":"https:\/\/plantelish.com\/shop\/"},{"@type":"ListItem","position":3,"name":"Personalizirana majica"}]},{"@type":"WebSite","@id":"https:\/\/plantelish.com\/#website","url":"https:\/\/plantelish.com\/","name":"Plantelish","description":"Zeleni mir v va\u0161em domu","publisher":{"@id":"https:\/\/plantelish.com\/#organization"},"potentialAction":[{"@type":"SearchAction","target":{"@type":"EntryPoint","urlTemplate":"https:\/\/plantelish.com\/?s={search_term_string}"},"query-input":{"@type":"PropertyValueSpecification","valueRequired":true,"valueName":"search_term_string"}}],"inLanguage":"en-GB"},{"@type":"Organization","@id":"https:\/\/plantelish.com\/#organization","name":"Plantelish","url":"https:\/\/plantelish.com\/","logo":{"@type":"ImageObject","inLanguage":"en-GB","@id":"https:\/\/plantelish.com\/#\/schema\/logo\/image\/","url":"https:\/\/plantelish.com\/wp-content\/uploads\/2022\/11\/LOGO.png","contentUrl":"https:\/\/plantelish.com\/wp-content\/uploads\/2022\/11\/LOGO.png","width":1364,"height":1364,"caption":"Plantelish"},"image":{"@id":"https:\/\/plantelish.com\/#\/schema\/logo\/image\/"}}]}},"_links":{"self":[{"href":"https:\/\/plantelish.com\/en\/wp-json\/wp\/v2\/product\/3222","targetHints":{"allow":["GET"]}}],"collection":[{"href":"https:\/\/plantelish.com\/en\/wp-json\/wp\/v2\/product"}],"about":[{"href":"https:\/\/plantelish.com\/en\/wp-json\/wp\/v2\/types\/product"}],"replies":[{"embeddable":true,"href":"https:\/\/plantelish.com\/en\/wp-json\/wp\/v2\/comments?post=3222"}],"wp:featuredmedia":[{"embeddable":true,"href":"https:\/\/plantelish.com\/en\/wp-json\/wp\/v2\/media\/3224"}],"wp:attachment":[{"href":"https:\/\/plantelish.com\/en\/wp-json\/wp\/v2\/media?parent=3222"}],"wp:term":[{"taxonomy":"product_brand","embeddable":true,"href":"https:\/\/plantelish.com\/en\/wp-json\/wp\/v2\/product_brand?post=3222"},{"taxonomy":"product_cat","embeddable":true,"href":"https:\/\/plantelish.com\/en\/wp-json\/wp\/v2\/product_cat?post=3222"},{"taxonomy":"product_tag","embeddable":true,"href":"https:\/\/plantelish.com\/en\/wp-json\/wp\/v2\/product_tag?post=3222"}],"curies":[{"name":"wp","href":"https:\/\/api.w.org\/{rel}","templated":true}]}}