{"id":4719,"date":"2023-02-22T18:08:58","date_gmt":"2023-02-22T17:08:58","guid":{"rendered":"https:\/\/plantelish.com\/?post_type=product&#038;p=4719"},"modified":"2024-01-29T12:53:11","modified_gmt":"2024-01-29T10:53:11","slug":"rooted-in-balance-r","status":"publish","type":"product","link":"https:\/\/plantelish.com\/en\/rooted-in-balance-r\/","title":{"rendered":"T-shirt Rooted in balance, pink"},"content":{"rendered":"","protected":false},"excerpt":{"rendered":"<p><strong>Short sleeve white t-shirt with a hand painted print that is my original artwork.<\/strong><br \/>\nMay your love for plants and nature accompany you everywhere. Be unique!<br \/>\nThe shirt is white and available in sizes: XS, S, M, L, XL and XXL.<br \/>\n<strong>Material:<\/strong> 94% combed cotton, 6% elastane.<br \/>\n<strong>An excellent choice for a gift.<\/strong><br \/>\n<strong>Delivery time:<\/strong> 1-14 days after payment T-shirt is made and then 2-30 days for Po\u0161ta Slovenije to deliver\nit to you (1-3 days for Slovenian customer, 7-21 days for international buyers)<br \/>\nIf you wish, I can also print custom illustration for you on the T-shirt. In this case, it is necessary to add the cost of making custom artwork. You can see more about ordering custom artwork category <a href=\"https:\/\/plantelish.com\/sl\/slike\/\">HERE.<\/a>.<\/p>","protected":false},"featured_media":4722,"comment_status":"open","ping_status":"closed","template":"","meta":[],"product_brand":[],"product_cat":[26,28],"product_tag":[],"class_list":{"0":"post-4719","1":"product","2":"type-product","3":"status-publish","4":"has-post-thumbnail","6":"product_cat-plantelish-majice","7":"product_cat-planatelish-t-shirts","8":"product_shipping_class-visja-postnina","10":"first","11":"instock","12":"shipping-taxable","13":"purchasable","14":"product-type-variable","15":"has-default-attributes"},"yoast_head":"<!-- This site is optimized with the Yoast SEO plugin v27.4 - https:\/\/yoast.com\/product\/yoast-seo-wordpress\/ -->\n<title>Majica Rooted in balance, roza - Plantelish<\/title>\n<meta name=\"robots\" content=\"index, follow, max-snippet:-1, max-image-preview:large, max-video-preview:-1\" \/>\n<link rel=\"canonical\" href=\"https:\/\/plantelish.com\/en\/rooted-in-balance-r\/\" \/>\n<meta property=\"og:locale\" content=\"en_GB\" \/>\n<meta property=\"og:type\" content=\"article\" \/>\n<meta property=\"og:title\" content=\"Majica Rooted in balance, roza - Plantelish\" \/>\n<meta property=\"og:description\" content=\"Telirana majica s kratkimi rokavi bele barve z ro\u010dno naslikanim potiksom, ki je moje avtorsko umetni\u0161ko delo. Naj vas ljubezen do rastlin in narave spremlja povsod. Bodite samosvoja s tem unikatnim kosom. Majica je bele barve in je dobavljiva v velikosti: XS, S, M, L, XL in XXL. Material: 94% \u010desan bomba\u017e, 6% elastan Odli\u010dna izbira tudi za darilo. \u010cas dostave: 1 - 14 dni po prejemu pla\u010dila. Po \u017eelji lahko na majico natisnem tudi ilustracijo narisano za vas po naro\u010dilu. V tem primeru je potrebo pri\u0161teti ceno izdelave ilustracije po naro\u010dilu. Ve\u010d si lahko pogledate v kategoriji slika po naro\u010dilu TUKAJ.\" \/>\n<meta property=\"og:url\" content=\"https:\/\/plantelish.com\/en\/rooted-in-balance-r\/\" \/>\n<meta property=\"og:site_name\" content=\"Plantelish\" \/>\n<meta property=\"article:modified_time\" content=\"2024-01-29T10:53:11+00:00\" \/>\n<meta property=\"og:image\" content=\"https:\/\/plantelish.com\/wp-content\/uploads\/2023\/02\/majica-rooted-in-balance-pink-1.jpg\" \/>\n\t<meta property=\"og:image:width\" content=\"624\" \/>\n\t<meta property=\"og:image:height\" content=\"861\" \/>\n\t<meta property=\"og:image:type\" content=\"image\/jpeg\" \/>\n<meta name=\"twitter:card\" content=\"summary_large_image\" \/>\n<meta name=\"twitter:label1\" content=\"Estimated reading time\" \/>\n\t<meta name=\"twitter:data1\" content=\"1 minute\" \/>\n<script type=\"application\/ld+json\" class=\"yoast-schema-graph\">{\"@context\":\"https:\\\/\\\/schema.org\",\"@graph\":[{\"@type\":\"WebPage\",\"@id\":\"https:\\\/\\\/plantelish.com\\\/rooted-in-balance-r\\\/\",\"url\":\"https:\\\/\\\/plantelish.com\\\/rooted-in-balance-r\\\/\",\"name\":\"Majica Rooted in balance, roza - Plantelish\",\"isPartOf\":{\"@id\":\"https:\\\/\\\/plantelish.com\\\/#website\"},\"primaryImageOfPage\":{\"@id\":\"https:\\\/\\\/plantelish.com\\\/rooted-in-balance-r\\\/#primaryimage\"},\"image\":{\"@id\":\"https:\\\/\\\/plantelish.com\\\/rooted-in-balance-r\\\/#primaryimage\"},\"thumbnailUrl\":\"https:\\\/\\\/plantelish.com\\\/wp-content\\\/uploads\\\/2023\\\/02\\\/majica-rooted-in-balance-pink-1.jpg\",\"datePublished\":\"2023-02-22T17:08:58+00:00\",\"dateModified\":\"2024-01-29T10:53:11+00:00\",\"breadcrumb\":{\"@id\":\"https:\\\/\\\/plantelish.com\\\/rooted-in-balance-r\\\/#breadcrumb\"},\"inLanguage\":\"en-GB\",\"potentialAction\":[{\"@type\":\"ReadAction\",\"target\":[\"https:\\\/\\\/plantelish.com\\\/rooted-in-balance-r\\\/\"]}]},{\"@type\":\"ImageObject\",\"inLanguage\":\"en-GB\",\"@id\":\"https:\\\/\\\/plantelish.com\\\/rooted-in-balance-r\\\/#primaryimage\",\"url\":\"https:\\\/\\\/plantelish.com\\\/wp-content\\\/uploads\\\/2023\\\/02\\\/majica-rooted-in-balance-pink-1.jpg\",\"contentUrl\":\"https:\\\/\\\/plantelish.com\\\/wp-content\\\/uploads\\\/2023\\\/02\\\/majica-rooted-in-balance-pink-1.jpg\",\"width\":624,\"height\":861},{\"@type\":\"BreadcrumbList\",\"@id\":\"https:\\\/\\\/plantelish.com\\\/rooted-in-balance-r\\\/#breadcrumb\",\"itemListElement\":[{\"@type\":\"ListItem\",\"position\":1,\"name\":\"Home\",\"item\":\"https:\\\/\\\/plantelish.com\\\/\"},{\"@type\":\"ListItem\",\"position\":2,\"name\":\"Izdelki\",\"item\":\"https:\\\/\\\/plantelish.com\\\/shop\\\/\"},{\"@type\":\"ListItem\",\"position\":3,\"name\":\"Majica Rooted in balance, roza\"}]},{\"@type\":\"WebSite\",\"@id\":\"https:\\\/\\\/plantelish.com\\\/#website\",\"url\":\"https:\\\/\\\/plantelish.com\\\/\",\"name\":\"Plantelish\",\"description\":\"Zeleni mir v va\u0161em domu\",\"publisher\":{\"@id\":\"https:\\\/\\\/plantelish.com\\\/#organization\"},\"potentialAction\":[{\"@type\":\"SearchAction\",\"target\":{\"@type\":\"EntryPoint\",\"urlTemplate\":\"https:\\\/\\\/plantelish.com\\\/?s={search_term_string}\"},\"query-input\":{\"@type\":\"PropertyValueSpecification\",\"valueRequired\":true,\"valueName\":\"search_term_string\"}}],\"inLanguage\":\"en-GB\"},{\"@type\":\"Organization\",\"@id\":\"https:\\\/\\\/plantelish.com\\\/#organization\",\"name\":\"Plantelish\",\"url\":\"https:\\\/\\\/plantelish.com\\\/\",\"logo\":{\"@type\":\"ImageObject\",\"inLanguage\":\"en-GB\",\"@id\":\"https:\\\/\\\/plantelish.com\\\/#\\\/schema\\\/logo\\\/image\\\/\",\"url\":\"https:\\\/\\\/plantelish.com\\\/wp-content\\\/uploads\\\/2022\\\/11\\\/LOGO.png\",\"contentUrl\":\"https:\\\/\\\/plantelish.com\\\/wp-content\\\/uploads\\\/2022\\\/11\\\/LOGO.png\",\"width\":1364,\"height\":1364,\"caption\":\"Plantelish\"},\"image\":{\"@id\":\"https:\\\/\\\/plantelish.com\\\/#\\\/schema\\\/logo\\\/image\\\/\"}}]}<\/script>\n<!-- \/ Yoast SEO plugin. -->","yoast_head_json":{"title":"Majica Rooted in balance, roza - Plantelish","robots":{"index":"index","follow":"follow","max-snippet":"max-snippet:-1","max-image-preview":"max-image-preview:large","max-video-preview":"max-video-preview:-1"},"canonical":"https:\/\/plantelish.com\/en\/rooted-in-balance-r\/","og_locale":"en_GB","og_type":"article","og_title":"Majica Rooted in balance, roza - Plantelish","og_description":"Telirana majica s kratkimi rokavi bele barve z ro\u010dno naslikanim potiksom, ki je moje avtorsko umetni\u0161ko delo. Naj vas ljubezen do rastlin in narave spremlja povsod. Bodite samosvoja s tem unikatnim kosom. Majica je bele barve in je dobavljiva v velikosti: XS, S, M, L, XL in XXL. Material: 94% \u010desan bomba\u017e, 6% elastan Odli\u010dna izbira tudi za darilo. \u010cas dostave: 1 - 14 dni po prejemu pla\u010dila. Po \u017eelji lahko na majico natisnem tudi ilustracijo narisano za vas po naro\u010dilu. V tem primeru je potrebo pri\u0161teti ceno izdelave ilustracije po naro\u010dilu. Ve\u010d si lahko pogledate v kategoriji slika po naro\u010dilu TUKAJ.","og_url":"https:\/\/plantelish.com\/en\/rooted-in-balance-r\/","og_site_name":"Plantelish","article_modified_time":"2024-01-29T10:53:11+00:00","og_image":[{"width":624,"height":861,"url":"https:\/\/plantelish.com\/wp-content\/uploads\/2023\/02\/majica-rooted-in-balance-pink-1.jpg","type":"image\/jpeg"}],"twitter_card":"summary_large_image","twitter_misc":{"Estimated reading time":"1 minute"},"schema":{"@context":"https:\/\/schema.org","@graph":[{"@type":"WebPage","@id":"https:\/\/plantelish.com\/rooted-in-balance-r\/","url":"https:\/\/plantelish.com\/rooted-in-balance-r\/","name":"Majica Rooted in balance, roza - Plantelish","isPartOf":{"@id":"https:\/\/plantelish.com\/#website"},"primaryImageOfPage":{"@id":"https:\/\/plantelish.com\/rooted-in-balance-r\/#primaryimage"},"image":{"@id":"https:\/\/plantelish.com\/rooted-in-balance-r\/#primaryimage"},"thumbnailUrl":"https:\/\/plantelish.com\/wp-content\/uploads\/2023\/02\/majica-rooted-in-balance-pink-1.jpg","datePublished":"2023-02-22T17:08:58+00:00","dateModified":"2024-01-29T10:53:11+00:00","breadcrumb":{"@id":"https:\/\/plantelish.com\/rooted-in-balance-r\/#breadcrumb"},"inLanguage":"en-GB","potentialAction":[{"@type":"ReadAction","target":["https:\/\/plantelish.com\/rooted-in-balance-r\/"]}]},{"@type":"ImageObject","inLanguage":"en-GB","@id":"https:\/\/plantelish.com\/rooted-in-balance-r\/#primaryimage","url":"https:\/\/plantelish.com\/wp-content\/uploads\/2023\/02\/majica-rooted-in-balance-pink-1.jpg","contentUrl":"https:\/\/plantelish.com\/wp-content\/uploads\/2023\/02\/majica-rooted-in-balance-pink-1.jpg","width":624,"height":861},{"@type":"BreadcrumbList","@id":"https:\/\/plantelish.com\/rooted-in-balance-r\/#breadcrumb","itemListElement":[{"@type":"ListItem","position":1,"name":"Home","item":"https:\/\/plantelish.com\/"},{"@type":"ListItem","position":2,"name":"Izdelki","item":"https:\/\/plantelish.com\/shop\/"},{"@type":"ListItem","position":3,"name":"Majica Rooted in balance, roza"}]},{"@type":"WebSite","@id":"https:\/\/plantelish.com\/#website","url":"https:\/\/plantelish.com\/","name":"Plantelish","description":"Zeleni mir v va\u0161em domu","publisher":{"@id":"https:\/\/plantelish.com\/#organization"},"potentialAction":[{"@type":"SearchAction","target":{"@type":"EntryPoint","urlTemplate":"https:\/\/plantelish.com\/?s={search_term_string}"},"query-input":{"@type":"PropertyValueSpecification","valueRequired":true,"valueName":"search_term_string"}}],"inLanguage":"en-GB"},{"@type":"Organization","@id":"https:\/\/plantelish.com\/#organization","name":"Plantelish","url":"https:\/\/plantelish.com\/","logo":{"@type":"ImageObject","inLanguage":"en-GB","@id":"https:\/\/plantelish.com\/#\/schema\/logo\/image\/","url":"https:\/\/plantelish.com\/wp-content\/uploads\/2022\/11\/LOGO.png","contentUrl":"https:\/\/plantelish.com\/wp-content\/uploads\/2022\/11\/LOGO.png","width":1364,"height":1364,"caption":"Plantelish"},"image":{"@id":"https:\/\/plantelish.com\/#\/schema\/logo\/image\/"}}]}},"_links":{"self":[{"href":"https:\/\/plantelish.com\/en\/wp-json\/wp\/v2\/product\/4719","targetHints":{"allow":["GET"]}}],"collection":[{"href":"https:\/\/plantelish.com\/en\/wp-json\/wp\/v2\/product"}],"about":[{"href":"https:\/\/plantelish.com\/en\/wp-json\/wp\/v2\/types\/product"}],"replies":[{"embeddable":true,"href":"https:\/\/plantelish.com\/en\/wp-json\/wp\/v2\/comments?post=4719"}],"wp:featuredmedia":[{"embeddable":true,"href":"https:\/\/plantelish.com\/en\/wp-json\/wp\/v2\/media\/4722"}],"wp:attachment":[{"href":"https:\/\/plantelish.com\/en\/wp-json\/wp\/v2\/media?parent=4719"}],"wp:term":[{"taxonomy":"product_brand","embeddable":true,"href":"https:\/\/plantelish.com\/en\/wp-json\/wp\/v2\/product_brand?post=4719"},{"taxonomy":"product_cat","embeddable":true,"href":"https:\/\/plantelish.com\/en\/wp-json\/wp\/v2\/product_cat?post=4719"},{"taxonomy":"product_tag","embeddable":true,"href":"https:\/\/plantelish.com\/en\/wp-json\/wp\/v2\/product_tag?post=4719"}],"curies":[{"name":"wp","href":"https:\/\/api.w.org\/{rel}","templated":true}]}}