{"id":4724,"date":"2023-02-22T18:20:28","date_gmt":"2023-02-22T17:20:28","guid":{"rendered":"https:\/\/plantelish.com\/?post_type=product&#038;p=4724"},"modified":"2024-01-29T12:53:10","modified_gmt":"2024-01-29T10:53:10","slug":"shh-baby-m","status":"publish","type":"product","link":"https:\/\/plantelish.com\/en\/shh-baby-m\/","title":{"rendered":"Majica Shh, baby"},"content":{"rendered":"","protected":false},"excerpt":{"rendered":"<p><strong>Telirana majica s kratkimi rokavi bele barve. Natisnjen design je moje avtorsko umetni\u0161ko delo.<\/strong><br \/>\nMay your love for plants and nature accompany you everywhere. Be unique!<br \/>\nThe shirt is white and available in sizes: XS, S, M, L, XL and XXL.<br \/>\n<strong>Material:<\/strong> 94% combed cotton, 6% elastane.<br \/>\n<strong>An excellent choice for a gift.<\/strong><br \/>\n<strong>Delivery time:<\/strong> 1-14 days after payment T-shirt is made and then 2-30 days for Po\u0161ta Slovenije to deliver\nit to you (1-3 days for Slovenian customer, 7-21 days for international buyers)<br \/>\nIf you wish, I can also print custom illustration for you on the T-shirt. In this case, it is necessary to add the cost of making custom artwork. You can see more about ordering custom artwork category <a href=\"https:\/\/plantelish.com\/sl\/slike\/\">HERE.<\/a>.<\/p>","protected":false},"featured_media":4726,"comment_status":"open","ping_status":"closed","template":"","meta":[],"product_brand":[],"product_cat":[26,28,37],"product_tag":[],"class_list":{"0":"post-4724","1":"product","2":"type-product","3":"status-publish","4":"has-post-thumbnail","6":"product_cat-plantelish-majice","7":"product_cat-planatelish-t-shirts","8":"product_cat-uncategorized","9":"product_shipping_class-visja-postnina","11":"first","12":"instock","13":"featured","14":"shipping-taxable","15":"purchasable","16":"product-type-variable","17":"has-default-attributes"},"yoast_head":"<!-- This site is optimized with the Yoast SEO plugin v27.4 - https:\/\/yoast.com\/product\/yoast-seo-wordpress\/ -->\n<title>Majica Shh, baby - Plantelish<\/title>\n<meta name=\"robots\" content=\"index, follow, max-snippet:-1, max-image-preview:large, max-video-preview:-1\" \/>\n<link rel=\"canonical\" href=\"https:\/\/plantelish.com\/en\/shh-baby-m\/\" \/>\n<meta property=\"og:locale\" content=\"en_GB\" \/>\n<meta property=\"og:type\" content=\"article\" \/>\n<meta property=\"og:title\" content=\"Majica Shh, baby - Plantelish\" \/>\n<meta property=\"og:description\" content=\"Telirana majica s kratkimi rokavi bele barve. Natisnjen design je moje avtorsko umetni\u0161ko delo. Naj vas ljubezen do rastlin in narave spremlja povsod. Bodite samosvoja s tem unikatnim kosom. Majica je bele barve in je dobavljiva v velikosti: XS, S, M, L, XL in XXL. Material: 94% \u010desan bomba\u017e, 6% elastan Odli\u010dna izbira tudi za darilo. \u010cas dostave: 1 - 14 dni po prejemu pla\u010dila. Po \u017eelji lahko na majico natisnem tudi ilustracijo narisano za vas po naro\u010dilu. V tem primeru je potrebo pri\u0161teti ceno izdelave ilustracije po naro\u010dilu. Ve\u010d si lahko pogledate v kategoriji slika po naro\u010dilu TUKAJ.\" \/>\n<meta property=\"og:url\" content=\"https:\/\/plantelish.com\/en\/shh-baby-m\/\" \/>\n<meta property=\"og:site_name\" content=\"Plantelish\" \/>\n<meta property=\"article:modified_time\" content=\"2024-01-29T10:53:10+00:00\" \/>\n<meta property=\"og:image\" content=\"https:\/\/plantelish.com\/wp-content\/uploads\/2023\/02\/majica-shh-baby.jpg\" \/>\n\t<meta property=\"og:image:width\" content=\"1440\" \/>\n\t<meta property=\"og:image:height\" content=\"2160\" \/>\n\t<meta property=\"og:image:type\" content=\"image\/jpeg\" \/>\n<meta name=\"twitter:card\" content=\"summary_large_image\" \/>\n<meta name=\"twitter:label1\" content=\"Estimated reading time\" \/>\n\t<meta name=\"twitter:data1\" content=\"1 minute\" \/>\n<script type=\"application\/ld+json\" class=\"yoast-schema-graph\">{\"@context\":\"https:\\\/\\\/schema.org\",\"@graph\":[{\"@type\":\"WebPage\",\"@id\":\"https:\\\/\\\/plantelish.com\\\/shh-baby-m\\\/\",\"url\":\"https:\\\/\\\/plantelish.com\\\/shh-baby-m\\\/\",\"name\":\"Majica Shh, baby - Plantelish\",\"isPartOf\":{\"@id\":\"https:\\\/\\\/plantelish.com\\\/#website\"},\"primaryImageOfPage\":{\"@id\":\"https:\\\/\\\/plantelish.com\\\/shh-baby-m\\\/#primaryimage\"},\"image\":{\"@id\":\"https:\\\/\\\/plantelish.com\\\/shh-baby-m\\\/#primaryimage\"},\"thumbnailUrl\":\"https:\\\/\\\/plantelish.com\\\/wp-content\\\/uploads\\\/2023\\\/02\\\/majica-shh-baby.jpg\",\"datePublished\":\"2023-02-22T17:20:28+00:00\",\"dateModified\":\"2024-01-29T10:53:10+00:00\",\"breadcrumb\":{\"@id\":\"https:\\\/\\\/plantelish.com\\\/shh-baby-m\\\/#breadcrumb\"},\"inLanguage\":\"en-GB\",\"potentialAction\":[{\"@type\":\"ReadAction\",\"target\":[\"https:\\\/\\\/plantelish.com\\\/shh-baby-m\\\/\"]}]},{\"@type\":\"ImageObject\",\"inLanguage\":\"en-GB\",\"@id\":\"https:\\\/\\\/plantelish.com\\\/shh-baby-m\\\/#primaryimage\",\"url\":\"https:\\\/\\\/plantelish.com\\\/wp-content\\\/uploads\\\/2023\\\/02\\\/majica-shh-baby.jpg\",\"contentUrl\":\"https:\\\/\\\/plantelish.com\\\/wp-content\\\/uploads\\\/2023\\\/02\\\/majica-shh-baby.jpg\",\"width\":1440,\"height\":2160},{\"@type\":\"BreadcrumbList\",\"@id\":\"https:\\\/\\\/plantelish.com\\\/shh-baby-m\\\/#breadcrumb\",\"itemListElement\":[{\"@type\":\"ListItem\",\"position\":1,\"name\":\"Home\",\"item\":\"https:\\\/\\\/plantelish.com\\\/\"},{\"@type\":\"ListItem\",\"position\":2,\"name\":\"Izdelki\",\"item\":\"https:\\\/\\\/plantelish.com\\\/shop\\\/\"},{\"@type\":\"ListItem\",\"position\":3,\"name\":\"Majica Shh, baby\"}]},{\"@type\":\"WebSite\",\"@id\":\"https:\\\/\\\/plantelish.com\\\/#website\",\"url\":\"https:\\\/\\\/plantelish.com\\\/\",\"name\":\"Plantelish\",\"description\":\"Zeleni mir v va\u0161em domu\",\"publisher\":{\"@id\":\"https:\\\/\\\/plantelish.com\\\/#organization\"},\"potentialAction\":[{\"@type\":\"SearchAction\",\"target\":{\"@type\":\"EntryPoint\",\"urlTemplate\":\"https:\\\/\\\/plantelish.com\\\/?s={search_term_string}\"},\"query-input\":{\"@type\":\"PropertyValueSpecification\",\"valueRequired\":true,\"valueName\":\"search_term_string\"}}],\"inLanguage\":\"en-GB\"},{\"@type\":\"Organization\",\"@id\":\"https:\\\/\\\/plantelish.com\\\/#organization\",\"name\":\"Plantelish\",\"url\":\"https:\\\/\\\/plantelish.com\\\/\",\"logo\":{\"@type\":\"ImageObject\",\"inLanguage\":\"en-GB\",\"@id\":\"https:\\\/\\\/plantelish.com\\\/#\\\/schema\\\/logo\\\/image\\\/\",\"url\":\"https:\\\/\\\/plantelish.com\\\/wp-content\\\/uploads\\\/2022\\\/11\\\/LOGO.png\",\"contentUrl\":\"https:\\\/\\\/plantelish.com\\\/wp-content\\\/uploads\\\/2022\\\/11\\\/LOGO.png\",\"width\":1364,\"height\":1364,\"caption\":\"Plantelish\"},\"image\":{\"@id\":\"https:\\\/\\\/plantelish.com\\\/#\\\/schema\\\/logo\\\/image\\\/\"}}]}<\/script>\n<!-- \/ Yoast SEO plugin. -->","yoast_head_json":{"title":"Majica Shh, baby - Plantelish","robots":{"index":"index","follow":"follow","max-snippet":"max-snippet:-1","max-image-preview":"max-image-preview:large","max-video-preview":"max-video-preview:-1"},"canonical":"https:\/\/plantelish.com\/en\/shh-baby-m\/","og_locale":"en_GB","og_type":"article","og_title":"Majica Shh, baby - Plantelish","og_description":"Telirana majica s kratkimi rokavi bele barve. Natisnjen design je moje avtorsko umetni\u0161ko delo. Naj vas ljubezen do rastlin in narave spremlja povsod. Bodite samosvoja s tem unikatnim kosom. Majica je bele barve in je dobavljiva v velikosti: XS, S, M, L, XL in XXL. Material: 94% \u010desan bomba\u017e, 6% elastan Odli\u010dna izbira tudi za darilo. \u010cas dostave: 1 - 14 dni po prejemu pla\u010dila. Po \u017eelji lahko na majico natisnem tudi ilustracijo narisano za vas po naro\u010dilu. V tem primeru je potrebo pri\u0161teti ceno izdelave ilustracije po naro\u010dilu. Ve\u010d si lahko pogledate v kategoriji slika po naro\u010dilu TUKAJ.","og_url":"https:\/\/plantelish.com\/en\/shh-baby-m\/","og_site_name":"Plantelish","article_modified_time":"2024-01-29T10:53:10+00:00","og_image":[{"width":1440,"height":2160,"url":"https:\/\/plantelish.com\/wp-content\/uploads\/2023\/02\/majica-shh-baby.jpg","type":"image\/jpeg"}],"twitter_card":"summary_large_image","twitter_misc":{"Estimated reading time":"1 minute"},"schema":{"@context":"https:\/\/schema.org","@graph":[{"@type":"WebPage","@id":"https:\/\/plantelish.com\/shh-baby-m\/","url":"https:\/\/plantelish.com\/shh-baby-m\/","name":"Majica Shh, baby - Plantelish","isPartOf":{"@id":"https:\/\/plantelish.com\/#website"},"primaryImageOfPage":{"@id":"https:\/\/plantelish.com\/shh-baby-m\/#primaryimage"},"image":{"@id":"https:\/\/plantelish.com\/shh-baby-m\/#primaryimage"},"thumbnailUrl":"https:\/\/plantelish.com\/wp-content\/uploads\/2023\/02\/majica-shh-baby.jpg","datePublished":"2023-02-22T17:20:28+00:00","dateModified":"2024-01-29T10:53:10+00:00","breadcrumb":{"@id":"https:\/\/plantelish.com\/shh-baby-m\/#breadcrumb"},"inLanguage":"en-GB","potentialAction":[{"@type":"ReadAction","target":["https:\/\/plantelish.com\/shh-baby-m\/"]}]},{"@type":"ImageObject","inLanguage":"en-GB","@id":"https:\/\/plantelish.com\/shh-baby-m\/#primaryimage","url":"https:\/\/plantelish.com\/wp-content\/uploads\/2023\/02\/majica-shh-baby.jpg","contentUrl":"https:\/\/plantelish.com\/wp-content\/uploads\/2023\/02\/majica-shh-baby.jpg","width":1440,"height":2160},{"@type":"BreadcrumbList","@id":"https:\/\/plantelish.com\/shh-baby-m\/#breadcrumb","itemListElement":[{"@type":"ListItem","position":1,"name":"Home","item":"https:\/\/plantelish.com\/"},{"@type":"ListItem","position":2,"name":"Izdelki","item":"https:\/\/plantelish.com\/shop\/"},{"@type":"ListItem","position":3,"name":"Majica Shh, baby"}]},{"@type":"WebSite","@id":"https:\/\/plantelish.com\/#website","url":"https:\/\/plantelish.com\/","name":"Plantelish","description":"Zeleni mir v va\u0161em domu","publisher":{"@id":"https:\/\/plantelish.com\/#organization"},"potentialAction":[{"@type":"SearchAction","target":{"@type":"EntryPoint","urlTemplate":"https:\/\/plantelish.com\/?s={search_term_string}"},"query-input":{"@type":"PropertyValueSpecification","valueRequired":true,"valueName":"search_term_string"}}],"inLanguage":"en-GB"},{"@type":"Organization","@id":"https:\/\/plantelish.com\/#organization","name":"Plantelish","url":"https:\/\/plantelish.com\/","logo":{"@type":"ImageObject","inLanguage":"en-GB","@id":"https:\/\/plantelish.com\/#\/schema\/logo\/image\/","url":"https:\/\/plantelish.com\/wp-content\/uploads\/2022\/11\/LOGO.png","contentUrl":"https:\/\/plantelish.com\/wp-content\/uploads\/2022\/11\/LOGO.png","width":1364,"height":1364,"caption":"Plantelish"},"image":{"@id":"https:\/\/plantelish.com\/#\/schema\/logo\/image\/"}}]}},"_links":{"self":[{"href":"https:\/\/plantelish.com\/en\/wp-json\/wp\/v2\/product\/4724","targetHints":{"allow":["GET"]}}],"collection":[{"href":"https:\/\/plantelish.com\/en\/wp-json\/wp\/v2\/product"}],"about":[{"href":"https:\/\/plantelish.com\/en\/wp-json\/wp\/v2\/types\/product"}],"replies":[{"embeddable":true,"href":"https:\/\/plantelish.com\/en\/wp-json\/wp\/v2\/comments?post=4724"}],"wp:featuredmedia":[{"embeddable":true,"href":"https:\/\/plantelish.com\/en\/wp-json\/wp\/v2\/media\/4726"}],"wp:attachment":[{"href":"https:\/\/plantelish.com\/en\/wp-json\/wp\/v2\/media?parent=4724"}],"wp:term":[{"taxonomy":"product_brand","embeddable":true,"href":"https:\/\/plantelish.com\/en\/wp-json\/wp\/v2\/product_brand?post=4724"},{"taxonomy":"product_cat","embeddable":true,"href":"https:\/\/plantelish.com\/en\/wp-json\/wp\/v2\/product_cat?post=4724"},{"taxonomy":"product_tag","embeddable":true,"href":"https:\/\/plantelish.com\/en\/wp-json\/wp\/v2\/product_tag?post=4724"}],"curies":[{"name":"wp","href":"https:\/\/api.w.org\/{rel}","templated":true}]}}