{"id":4811,"date":"2023-02-28T09:35:07","date_gmt":"2023-02-28T08:35:07","guid":{"rendered":"https:\/\/plantelish.com\/?post_type=product&#038;p=4811"},"modified":"2024-01-29T12:53:09","modified_gmt":"2024-01-29T10:53:09","slug":"rooted-in-balance-2","status":"publish","type":"product","link":"https:\/\/plantelish.com\/en\/rooted-in-balance-2\/","title":{"rendered":"Tote bag Rooted in Balance, pink"},"content":{"rendered":"","protected":false},"excerpt":{"rendered":"<p>Be unique with art on your tote bag and loving toward nature, shop with Plantelish tote bags!<br \/>\nMaterial: <strong>100%<\/strong>cotton<\/p>\n<p><strong>Dimension:<\/strong> 14,5 inches (width) x 15,7 inches (hight)<\/p>","protected":false},"featured_media":4809,"comment_status":"open","ping_status":"closed","template":"","meta":[],"product_brand":[],"product_cat":[16,19],"product_tag":[],"class_list":{"0":"post-4811","1":"product","2":"type-product","3":"status-publish","4":"has-post-thumbnail","6":"product_cat-plantelish-bags","7":"product_cat-torba","8":"product_shipping_class-visja-postnina","10":"first","11":"instock","12":"featured","13":"shipping-taxable","14":"purchasable","15":"product-type-simple"},"yoast_head":"<!-- This site is optimized with the Yoast SEO plugin v27.5 - https:\/\/yoast.com\/product\/yoast-seo-wordpress\/ -->\n<title>Nakupovalna vre\u010dka Rooted in Balance, roza - Plantelish<\/title>\n<meta name=\"robots\" content=\"index, follow, max-snippet:-1, max-image-preview:large, max-video-preview:-1\" \/>\n<link rel=\"canonical\" href=\"https:\/\/plantelish.com\/en\/rooted-in-balance-2\/\" \/>\n<meta property=\"og:locale\" content=\"en_GB\" \/>\n<meta property=\"og:type\" content=\"article\" \/>\n<meta property=\"og:title\" content=\"Nakupovalna vre\u010dka Rooted in Balance, roza - Plantelish\" \/>\n<meta property=\"og:description\" content=\"Naravne vre\u010dke z mojimi ilustracijami te vabijo, da si ob nakupovanju unikatna in ekolo\u0161ka. Sestava vre\u010dke je 100% bomba\u017e, ki je potiskan z mojo originalno ilustracijo in logom podjetja.  Dimenzija vre\u010dke je 37 (dol\u017eina) x 40 (vi\u0161ina).\" \/>\n<meta property=\"og:url\" content=\"https:\/\/plantelish.com\/en\/rooted-in-balance-2\/\" \/>\n<meta property=\"og:site_name\" content=\"Plantelish\" \/>\n<meta property=\"article:modified_time\" content=\"2024-01-29T10:53:09+00:00\" \/>\n<meta property=\"og:image\" content=\"https:\/\/plantelish.com\/wp-content\/uploads\/2023\/02\/vrecka_4.jpeg\" \/>\n\t<meta property=\"og:image:width\" content=\"1440\" \/>\n\t<meta property=\"og:image:height\" content=\"2160\" \/>\n\t<meta property=\"og:image:type\" content=\"image\/jpeg\" \/>\n<meta name=\"twitter:card\" content=\"summary_large_image\" \/>\n<meta name=\"twitter:label1\" content=\"Estimated reading time\" \/>\n\t<meta name=\"twitter:data1\" content=\"1 minute\" \/>\n<script type=\"application\/ld+json\" class=\"yoast-schema-graph\">{\"@context\":\"https:\\\/\\\/schema.org\",\"@graph\":[{\"@type\":\"WebPage\",\"@id\":\"https:\\\/\\\/plantelish.com\\\/rooted-in-balance-2\\\/\",\"url\":\"https:\\\/\\\/plantelish.com\\\/rooted-in-balance-2\\\/\",\"name\":\"Nakupovalna vre\u010dka Rooted in Balance, roza - Plantelish\",\"isPartOf\":{\"@id\":\"https:\\\/\\\/plantelish.com\\\/#website\"},\"primaryImageOfPage\":{\"@id\":\"https:\\\/\\\/plantelish.com\\\/rooted-in-balance-2\\\/#primaryimage\"},\"image\":{\"@id\":\"https:\\\/\\\/plantelish.com\\\/rooted-in-balance-2\\\/#primaryimage\"},\"thumbnailUrl\":\"https:\\\/\\\/plantelish.com\\\/wp-content\\\/uploads\\\/2023\\\/02\\\/vrecka_4.jpeg\",\"datePublished\":\"2023-02-28T08:35:07+00:00\",\"dateModified\":\"2024-01-29T10:53:09+00:00\",\"breadcrumb\":{\"@id\":\"https:\\\/\\\/plantelish.com\\\/rooted-in-balance-2\\\/#breadcrumb\"},\"inLanguage\":\"en-GB\",\"potentialAction\":[{\"@type\":\"ReadAction\",\"target\":[\"https:\\\/\\\/plantelish.com\\\/rooted-in-balance-2\\\/\"]}]},{\"@type\":\"ImageObject\",\"inLanguage\":\"en-GB\",\"@id\":\"https:\\\/\\\/plantelish.com\\\/rooted-in-balance-2\\\/#primaryimage\",\"url\":\"https:\\\/\\\/plantelish.com\\\/wp-content\\\/uploads\\\/2023\\\/02\\\/vrecka_4.jpeg\",\"contentUrl\":\"https:\\\/\\\/plantelish.com\\\/wp-content\\\/uploads\\\/2023\\\/02\\\/vrecka_4.jpeg\",\"width\":1440,\"height\":2160},{\"@type\":\"BreadcrumbList\",\"@id\":\"https:\\\/\\\/plantelish.com\\\/rooted-in-balance-2\\\/#breadcrumb\",\"itemListElement\":[{\"@type\":\"ListItem\",\"position\":1,\"name\":\"Home\",\"item\":\"https:\\\/\\\/plantelish.com\\\/\"},{\"@type\":\"ListItem\",\"position\":2,\"name\":\"Izdelki\",\"item\":\"https:\\\/\\\/plantelish.com\\\/shop\\\/\"},{\"@type\":\"ListItem\",\"position\":3,\"name\":\"Nakupovalna vre\u010dka Rooted in Balance, roza\"}]},{\"@type\":\"WebSite\",\"@id\":\"https:\\\/\\\/plantelish.com\\\/#website\",\"url\":\"https:\\\/\\\/plantelish.com\\\/\",\"name\":\"Plantelish\",\"description\":\"Zeleni mir v va\u0161em domu\",\"publisher\":{\"@id\":\"https:\\\/\\\/plantelish.com\\\/#organization\"},\"potentialAction\":[{\"@type\":\"SearchAction\",\"target\":{\"@type\":\"EntryPoint\",\"urlTemplate\":\"https:\\\/\\\/plantelish.com\\\/?s={search_term_string}\"},\"query-input\":{\"@type\":\"PropertyValueSpecification\",\"valueRequired\":true,\"valueName\":\"search_term_string\"}}],\"inLanguage\":\"en-GB\"},{\"@type\":\"Organization\",\"@id\":\"https:\\\/\\\/plantelish.com\\\/#organization\",\"name\":\"Plantelish\",\"url\":\"https:\\\/\\\/plantelish.com\\\/\",\"logo\":{\"@type\":\"ImageObject\",\"inLanguage\":\"en-GB\",\"@id\":\"https:\\\/\\\/plantelish.com\\\/#\\\/schema\\\/logo\\\/image\\\/\",\"url\":\"https:\\\/\\\/plantelish.com\\\/wp-content\\\/uploads\\\/2022\\\/11\\\/LOGO.png\",\"contentUrl\":\"https:\\\/\\\/plantelish.com\\\/wp-content\\\/uploads\\\/2022\\\/11\\\/LOGO.png\",\"width\":1364,\"height\":1364,\"caption\":\"Plantelish\"},\"image\":{\"@id\":\"https:\\\/\\\/plantelish.com\\\/#\\\/schema\\\/logo\\\/image\\\/\"}}]}<\/script>\n<!-- \/ Yoast SEO plugin. -->","yoast_head_json":{"title":"Nakupovalna vre\u010dka Rooted in Balance, roza - Plantelish","robots":{"index":"index","follow":"follow","max-snippet":"max-snippet:-1","max-image-preview":"max-image-preview:large","max-video-preview":"max-video-preview:-1"},"canonical":"https:\/\/plantelish.com\/en\/rooted-in-balance-2\/","og_locale":"en_GB","og_type":"article","og_title":"Nakupovalna vre\u010dka Rooted in Balance, roza - Plantelish","og_description":"Naravne vre\u010dke z mojimi ilustracijami te vabijo, da si ob nakupovanju unikatna in ekolo\u0161ka. Sestava vre\u010dke je 100% bomba\u017e, ki je potiskan z mojo originalno ilustracijo in logom podjetja.  Dimenzija vre\u010dke je 37 (dol\u017eina) x 40 (vi\u0161ina).","og_url":"https:\/\/plantelish.com\/en\/rooted-in-balance-2\/","og_site_name":"Plantelish","article_modified_time":"2024-01-29T10:53:09+00:00","og_image":[{"width":1440,"height":2160,"url":"https:\/\/plantelish.com\/wp-content\/uploads\/2023\/02\/vrecka_4.jpeg","type":"image\/jpeg"}],"twitter_card":"summary_large_image","twitter_misc":{"Estimated reading time":"1 minute"},"schema":{"@context":"https:\/\/schema.org","@graph":[{"@type":"WebPage","@id":"https:\/\/plantelish.com\/rooted-in-balance-2\/","url":"https:\/\/plantelish.com\/rooted-in-balance-2\/","name":"Nakupovalna vre\u010dka Rooted in Balance, roza - Plantelish","isPartOf":{"@id":"https:\/\/plantelish.com\/#website"},"primaryImageOfPage":{"@id":"https:\/\/plantelish.com\/rooted-in-balance-2\/#primaryimage"},"image":{"@id":"https:\/\/plantelish.com\/rooted-in-balance-2\/#primaryimage"},"thumbnailUrl":"https:\/\/plantelish.com\/wp-content\/uploads\/2023\/02\/vrecka_4.jpeg","datePublished":"2023-02-28T08:35:07+00:00","dateModified":"2024-01-29T10:53:09+00:00","breadcrumb":{"@id":"https:\/\/plantelish.com\/rooted-in-balance-2\/#breadcrumb"},"inLanguage":"en-GB","potentialAction":[{"@type":"ReadAction","target":["https:\/\/plantelish.com\/rooted-in-balance-2\/"]}]},{"@type":"ImageObject","inLanguage":"en-GB","@id":"https:\/\/plantelish.com\/rooted-in-balance-2\/#primaryimage","url":"https:\/\/plantelish.com\/wp-content\/uploads\/2023\/02\/vrecka_4.jpeg","contentUrl":"https:\/\/plantelish.com\/wp-content\/uploads\/2023\/02\/vrecka_4.jpeg","width":1440,"height":2160},{"@type":"BreadcrumbList","@id":"https:\/\/plantelish.com\/rooted-in-balance-2\/#breadcrumb","itemListElement":[{"@type":"ListItem","position":1,"name":"Home","item":"https:\/\/plantelish.com\/"},{"@type":"ListItem","position":2,"name":"Izdelki","item":"https:\/\/plantelish.com\/shop\/"},{"@type":"ListItem","position":3,"name":"Nakupovalna vre\u010dka Rooted in Balance, roza"}]},{"@type":"WebSite","@id":"https:\/\/plantelish.com\/#website","url":"https:\/\/plantelish.com\/","name":"Plantelish","description":"Zeleni mir v va\u0161em domu","publisher":{"@id":"https:\/\/plantelish.com\/#organization"},"potentialAction":[{"@type":"SearchAction","target":{"@type":"EntryPoint","urlTemplate":"https:\/\/plantelish.com\/?s={search_term_string}"},"query-input":{"@type":"PropertyValueSpecification","valueRequired":true,"valueName":"search_term_string"}}],"inLanguage":"en-GB"},{"@type":"Organization","@id":"https:\/\/plantelish.com\/#organization","name":"Plantelish","url":"https:\/\/plantelish.com\/","logo":{"@type":"ImageObject","inLanguage":"en-GB","@id":"https:\/\/plantelish.com\/#\/schema\/logo\/image\/","url":"https:\/\/plantelish.com\/wp-content\/uploads\/2022\/11\/LOGO.png","contentUrl":"https:\/\/plantelish.com\/wp-content\/uploads\/2022\/11\/LOGO.png","width":1364,"height":1364,"caption":"Plantelish"},"image":{"@id":"https:\/\/plantelish.com\/#\/schema\/logo\/image\/"}}]}},"_links":{"self":[{"href":"https:\/\/plantelish.com\/en\/wp-json\/wp\/v2\/product\/4811","targetHints":{"allow":["GET"]}}],"collection":[{"href":"https:\/\/plantelish.com\/en\/wp-json\/wp\/v2\/product"}],"about":[{"href":"https:\/\/plantelish.com\/en\/wp-json\/wp\/v2\/types\/product"}],"replies":[{"embeddable":true,"href":"https:\/\/plantelish.com\/en\/wp-json\/wp\/v2\/comments?post=4811"}],"wp:featuredmedia":[{"embeddable":true,"href":"https:\/\/plantelish.com\/en\/wp-json\/wp\/v2\/media\/4809"}],"wp:attachment":[{"href":"https:\/\/plantelish.com\/en\/wp-json\/wp\/v2\/media?parent=4811"}],"wp:term":[{"taxonomy":"product_brand","embeddable":true,"href":"https:\/\/plantelish.com\/en\/wp-json\/wp\/v2\/product_brand?post=4811"},{"taxonomy":"product_cat","embeddable":true,"href":"https:\/\/plantelish.com\/en\/wp-json\/wp\/v2\/product_cat?post=4811"},{"taxonomy":"product_tag","embeddable":true,"href":"https:\/\/plantelish.com\/en\/wp-json\/wp\/v2\/product_tag?post=4811"}],"curies":[{"name":"wp","href":"https:\/\/api.w.org\/{rel}","templated":true}]}}