{"id":4834,"date":"2023-02-28T22:10:45","date_gmt":"2023-02-28T21:10:45","guid":{"rendered":"https:\/\/plantelish.com\/?post_type=product&#038;p=4834"},"modified":"2024-01-29T12:53:04","modified_gmt":"2024-01-29T10:53:04","slug":"be-leaf-in-yourself-1","status":"publish","type":"product","link":"https:\/\/plantelish.com\/en\/be-leaf-in-yourself-1\/","title":{"rendered":"Enamel pot Be-leaf in yourself"},"content":{"rendered":"","protected":false},"excerpt":{"rendered":"<p>Enamel pot with my original illustration and an inscription that emphasizes the message and the company logo.<br \/>\n<strong>Dimension:<\/strong> 8 cm (H), 8.6 cm (Dia).<br \/>\n<strong>The capacity<\/strong> of the cup is 350 ml.<\/p>\n<p>Due to the complex, purely manual production, slight bumps or small holes and spots are inevitable.<br \/>\nIndeed, it is only an imperfection or flaw that makes enameled products so unique!<br \/>\nWashing in the dishwasher is not recommended. Not microwave safe.<\/p>","protected":false},"featured_media":4830,"comment_status":"open","ping_status":"closed","template":"","meta":[],"product_brand":[],"product_cat":[38,39],"product_tag":[],"class_list":{"0":"post-4834","1":"product","2":"type-product","3":"status-publish","4":"has-post-thumbnail","6":"product_cat-emajlirani-loncki","7":"product_cat-enamel-mugs","8":"product_shipping_class-visja-postnina","10":"first","11":"instock","12":"featured","13":"shipping-taxable","14":"purchasable","15":"product-type-simple"},"yoast_head":"<!-- This site is optimized with the Yoast SEO plugin v27.4 - https:\/\/yoast.com\/product\/yoast-seo-wordpress\/ -->\n<title>Emajliran lon\u010dek Be-leaf in yourself - Plantelish<\/title>\n<meta name=\"robots\" content=\"index, follow, max-snippet:-1, max-image-preview:large, max-video-preview:-1\" \/>\n<link rel=\"canonical\" href=\"https:\/\/plantelish.com\/en\/be-leaf-in-yourself-1\/\" \/>\n<meta property=\"og:locale\" content=\"en_GB\" \/>\n<meta property=\"og:type\" content=\"article\" \/>\n<meta property=\"og:title\" content=\"Emajliran lon\u010dek Be-leaf in yourself - Plantelish\" \/>\n<meta property=\"og:description\" content=\"Emajliran lon\u010dek z mojo originalno ilustracijo in napisom, ki poudari sporo\u010dilo le-te ter logom podjetja. Velikost: 8 cm (vi\u0161ina), 8.6 cm (premer). Kapaciteta skodelice je 350 ml.  Zaradi kompleksne, \u010disto ro\u010dne izdelave, so neizogibne rahle izbokline ali majhne luknjice in pikice. Dejansko je to samo nepopolnost ali pomanjkljivost, zaradi katere so emajlirani izdelki tako edinstveni! Pomivanje v pomivalne stroju ni priporo\u010dljivo. Ni za v mikrovalovno pe\u010dico.\" \/>\n<meta property=\"og:url\" content=\"https:\/\/plantelish.com\/en\/be-leaf-in-yourself-1\/\" \/>\n<meta property=\"og:site_name\" content=\"Plantelish\" \/>\n<meta property=\"article:modified_time\" content=\"2024-01-29T10:53:04+00:00\" \/>\n<meta property=\"og:image\" content=\"https:\/\/plantelish.com\/wp-content\/uploads\/2023\/02\/emajliran_loncek_5.jpg\" \/>\n\t<meta property=\"og:image:width\" content=\"750\" \/>\n\t<meta property=\"og:image:height\" content=\"1029\" \/>\n\t<meta property=\"og:image:type\" content=\"image\/jpeg\" \/>\n<meta name=\"twitter:card\" content=\"summary_large_image\" \/>\n<meta name=\"twitter:label1\" content=\"Estimated reading time\" \/>\n\t<meta name=\"twitter:data1\" content=\"1 minute\" \/>\n<script type=\"application\/ld+json\" class=\"yoast-schema-graph\">{\"@context\":\"https:\\\/\\\/schema.org\",\"@graph\":[{\"@type\":\"WebPage\",\"@id\":\"https:\\\/\\\/plantelish.com\\\/be-leaf-in-yourself-1\\\/\",\"url\":\"https:\\\/\\\/plantelish.com\\\/be-leaf-in-yourself-1\\\/\",\"name\":\"Emajliran lon\u010dek Be-leaf in yourself - Plantelish\",\"isPartOf\":{\"@id\":\"https:\\\/\\\/plantelish.com\\\/#website\"},\"primaryImageOfPage\":{\"@id\":\"https:\\\/\\\/plantelish.com\\\/be-leaf-in-yourself-1\\\/#primaryimage\"},\"image\":{\"@id\":\"https:\\\/\\\/plantelish.com\\\/be-leaf-in-yourself-1\\\/#primaryimage\"},\"thumbnailUrl\":\"https:\\\/\\\/plantelish.com\\\/wp-content\\\/uploads\\\/2023\\\/02\\\/emajliran_loncek_5.jpg\",\"datePublished\":\"2023-02-28T21:10:45+00:00\",\"dateModified\":\"2024-01-29T10:53:04+00:00\",\"breadcrumb\":{\"@id\":\"https:\\\/\\\/plantelish.com\\\/be-leaf-in-yourself-1\\\/#breadcrumb\"},\"inLanguage\":\"en-GB\",\"potentialAction\":[{\"@type\":\"ReadAction\",\"target\":[\"https:\\\/\\\/plantelish.com\\\/be-leaf-in-yourself-1\\\/\"]}]},{\"@type\":\"ImageObject\",\"inLanguage\":\"en-GB\",\"@id\":\"https:\\\/\\\/plantelish.com\\\/be-leaf-in-yourself-1\\\/#primaryimage\",\"url\":\"https:\\\/\\\/plantelish.com\\\/wp-content\\\/uploads\\\/2023\\\/02\\\/emajliran_loncek_5.jpg\",\"contentUrl\":\"https:\\\/\\\/plantelish.com\\\/wp-content\\\/uploads\\\/2023\\\/02\\\/emajliran_loncek_5.jpg\",\"width\":750,\"height\":1029},{\"@type\":\"BreadcrumbList\",\"@id\":\"https:\\\/\\\/plantelish.com\\\/be-leaf-in-yourself-1\\\/#breadcrumb\",\"itemListElement\":[{\"@type\":\"ListItem\",\"position\":1,\"name\":\"Home\",\"item\":\"https:\\\/\\\/plantelish.com\\\/\"},{\"@type\":\"ListItem\",\"position\":2,\"name\":\"Izdelki\",\"item\":\"https:\\\/\\\/plantelish.com\\\/shop\\\/\"},{\"@type\":\"ListItem\",\"position\":3,\"name\":\"Emajliran lon\u010dek Be-leaf in yourself\"}]},{\"@type\":\"WebSite\",\"@id\":\"https:\\\/\\\/plantelish.com\\\/#website\",\"url\":\"https:\\\/\\\/plantelish.com\\\/\",\"name\":\"Plantelish\",\"description\":\"Zeleni mir v va\u0161em domu\",\"publisher\":{\"@id\":\"https:\\\/\\\/plantelish.com\\\/#organization\"},\"potentialAction\":[{\"@type\":\"SearchAction\",\"target\":{\"@type\":\"EntryPoint\",\"urlTemplate\":\"https:\\\/\\\/plantelish.com\\\/?s={search_term_string}\"},\"query-input\":{\"@type\":\"PropertyValueSpecification\",\"valueRequired\":true,\"valueName\":\"search_term_string\"}}],\"inLanguage\":\"en-GB\"},{\"@type\":\"Organization\",\"@id\":\"https:\\\/\\\/plantelish.com\\\/#organization\",\"name\":\"Plantelish\",\"url\":\"https:\\\/\\\/plantelish.com\\\/\",\"logo\":{\"@type\":\"ImageObject\",\"inLanguage\":\"en-GB\",\"@id\":\"https:\\\/\\\/plantelish.com\\\/#\\\/schema\\\/logo\\\/image\\\/\",\"url\":\"https:\\\/\\\/plantelish.com\\\/wp-content\\\/uploads\\\/2022\\\/11\\\/LOGO.png\",\"contentUrl\":\"https:\\\/\\\/plantelish.com\\\/wp-content\\\/uploads\\\/2022\\\/11\\\/LOGO.png\",\"width\":1364,\"height\":1364,\"caption\":\"Plantelish\"},\"image\":{\"@id\":\"https:\\\/\\\/plantelish.com\\\/#\\\/schema\\\/logo\\\/image\\\/\"}}]}<\/script>\n<!-- \/ Yoast SEO plugin. -->","yoast_head_json":{"title":"Emajliran lon\u010dek Be-leaf in yourself - Plantelish","robots":{"index":"index","follow":"follow","max-snippet":"max-snippet:-1","max-image-preview":"max-image-preview:large","max-video-preview":"max-video-preview:-1"},"canonical":"https:\/\/plantelish.com\/en\/be-leaf-in-yourself-1\/","og_locale":"en_GB","og_type":"article","og_title":"Emajliran lon\u010dek Be-leaf in yourself - Plantelish","og_description":"Emajliran lon\u010dek z mojo originalno ilustracijo in napisom, ki poudari sporo\u010dilo le-te ter logom podjetja. Velikost: 8 cm (vi\u0161ina), 8.6 cm (premer). Kapaciteta skodelice je 350 ml.  Zaradi kompleksne, \u010disto ro\u010dne izdelave, so neizogibne rahle izbokline ali majhne luknjice in pikice. Dejansko je to samo nepopolnost ali pomanjkljivost, zaradi katere so emajlirani izdelki tako edinstveni! Pomivanje v pomivalne stroju ni priporo\u010dljivo. Ni za v mikrovalovno pe\u010dico.","og_url":"https:\/\/plantelish.com\/en\/be-leaf-in-yourself-1\/","og_site_name":"Plantelish","article_modified_time":"2024-01-29T10:53:04+00:00","og_image":[{"width":750,"height":1029,"url":"https:\/\/plantelish.com\/wp-content\/uploads\/2023\/02\/emajliran_loncek_5.jpg","type":"image\/jpeg"}],"twitter_card":"summary_large_image","twitter_misc":{"Estimated reading time":"1 minute"},"schema":{"@context":"https:\/\/schema.org","@graph":[{"@type":"WebPage","@id":"https:\/\/plantelish.com\/be-leaf-in-yourself-1\/","url":"https:\/\/plantelish.com\/be-leaf-in-yourself-1\/","name":"Emajliran lon\u010dek Be-leaf in yourself - Plantelish","isPartOf":{"@id":"https:\/\/plantelish.com\/#website"},"primaryImageOfPage":{"@id":"https:\/\/plantelish.com\/be-leaf-in-yourself-1\/#primaryimage"},"image":{"@id":"https:\/\/plantelish.com\/be-leaf-in-yourself-1\/#primaryimage"},"thumbnailUrl":"https:\/\/plantelish.com\/wp-content\/uploads\/2023\/02\/emajliran_loncek_5.jpg","datePublished":"2023-02-28T21:10:45+00:00","dateModified":"2024-01-29T10:53:04+00:00","breadcrumb":{"@id":"https:\/\/plantelish.com\/be-leaf-in-yourself-1\/#breadcrumb"},"inLanguage":"en-GB","potentialAction":[{"@type":"ReadAction","target":["https:\/\/plantelish.com\/be-leaf-in-yourself-1\/"]}]},{"@type":"ImageObject","inLanguage":"en-GB","@id":"https:\/\/plantelish.com\/be-leaf-in-yourself-1\/#primaryimage","url":"https:\/\/plantelish.com\/wp-content\/uploads\/2023\/02\/emajliran_loncek_5.jpg","contentUrl":"https:\/\/plantelish.com\/wp-content\/uploads\/2023\/02\/emajliran_loncek_5.jpg","width":750,"height":1029},{"@type":"BreadcrumbList","@id":"https:\/\/plantelish.com\/be-leaf-in-yourself-1\/#breadcrumb","itemListElement":[{"@type":"ListItem","position":1,"name":"Home","item":"https:\/\/plantelish.com\/"},{"@type":"ListItem","position":2,"name":"Izdelki","item":"https:\/\/plantelish.com\/shop\/"},{"@type":"ListItem","position":3,"name":"Emajliran lon\u010dek Be-leaf in yourself"}]},{"@type":"WebSite","@id":"https:\/\/plantelish.com\/#website","url":"https:\/\/plantelish.com\/","name":"Plantelish","description":"Zeleni mir v va\u0161em domu","publisher":{"@id":"https:\/\/plantelish.com\/#organization"},"potentialAction":[{"@type":"SearchAction","target":{"@type":"EntryPoint","urlTemplate":"https:\/\/plantelish.com\/?s={search_term_string}"},"query-input":{"@type":"PropertyValueSpecification","valueRequired":true,"valueName":"search_term_string"}}],"inLanguage":"en-GB"},{"@type":"Organization","@id":"https:\/\/plantelish.com\/#organization","name":"Plantelish","url":"https:\/\/plantelish.com\/","logo":{"@type":"ImageObject","inLanguage":"en-GB","@id":"https:\/\/plantelish.com\/#\/schema\/logo\/image\/","url":"https:\/\/plantelish.com\/wp-content\/uploads\/2022\/11\/LOGO.png","contentUrl":"https:\/\/plantelish.com\/wp-content\/uploads\/2022\/11\/LOGO.png","width":1364,"height":1364,"caption":"Plantelish"},"image":{"@id":"https:\/\/plantelish.com\/#\/schema\/logo\/image\/"}}]}},"_links":{"self":[{"href":"https:\/\/plantelish.com\/en\/wp-json\/wp\/v2\/product\/4834","targetHints":{"allow":["GET"]}}],"collection":[{"href":"https:\/\/plantelish.com\/en\/wp-json\/wp\/v2\/product"}],"about":[{"href":"https:\/\/plantelish.com\/en\/wp-json\/wp\/v2\/types\/product"}],"replies":[{"embeddable":true,"href":"https:\/\/plantelish.com\/en\/wp-json\/wp\/v2\/comments?post=4834"}],"wp:featuredmedia":[{"embeddable":true,"href":"https:\/\/plantelish.com\/en\/wp-json\/wp\/v2\/media\/4830"}],"wp:attachment":[{"href":"https:\/\/plantelish.com\/en\/wp-json\/wp\/v2\/media?parent=4834"}],"wp:term":[{"taxonomy":"product_brand","embeddable":true,"href":"https:\/\/plantelish.com\/en\/wp-json\/wp\/v2\/product_brand?post=4834"},{"taxonomy":"product_cat","embeddable":true,"href":"https:\/\/plantelish.com\/en\/wp-json\/wp\/v2\/product_cat?post=4834"},{"taxonomy":"product_tag","embeddable":true,"href":"https:\/\/plantelish.com\/en\/wp-json\/wp\/v2\/product_tag?post=4834"}],"curies":[{"name":"wp","href":"https:\/\/api.w.org\/{rel}","templated":true}]}}