{"id":4974,"date":"2023-03-18T18:03:45","date_gmt":"2023-03-18T18:03:45","guid":{"rendered":"https:\/\/plantelish.com\/?post_type=product&#038;p=4974"},"modified":"2024-01-29T12:51:03","modified_gmt":"2024-01-29T10:51:03","slug":"originalna-slika-metulj","status":"publish","type":"product","link":"https:\/\/plantelish.com\/en\/originalna-slika-metulj\/","title":{"rendered":"ORIGINAL PAINTING Butterfly"},"content":{"rendered":"","protected":false},"excerpt":{"rendered":"<p>The original paintings are hand-drawn in mixed media. \nI mainly use watercolor and markers. \nIt is my original work, which I create under my brand Plantelish. \nEach painting has its own symbolism and aesthetic. It brings a part of nature into your home or other spaces and harmonizes, refreshes, and invigorates the space.\n\nI further offer custom-made paintings \u2013 so if you have a particular image you would like to have painted, do send an inquiry. \nSee more information about bespoke paintings and orders in the category: CUSTOM ARTWORK.<\/p>\n<p><strong>Dimension:<\/strong> 11.7 in x 16.5 in (30 x 40 cm) - A3 format.<br \/>\n<strong>Delivery time:<\/strong>\u00a01-3 days for Slovenian customers, 14-30 days for international customers.<\/p>","protected":false},"featured_media":4975,"comment_status":"open","ping_status":"closed","template":"","meta":[],"product_brand":[],"product_cat":[35,36,34],"product_tag":[],"class_list":{"0":"post-4974","1":"product","2":"type-product","3":"status-publish","4":"has-post-thumbnail","6":"product_cat-artworks","7":"product_cat-originalne-slike","8":"product_cat-trgovina","9":"product_shipping_class-osnovno","11":"first","12":"instock","13":"shipping-taxable","14":"purchasable","15":"product-type-simple"},"yoast_head":"<!-- This site is optimized with the Yoast SEO plugin v27.5 - https:\/\/yoast.com\/product\/yoast-seo-wordpress\/ -->\n<title>ORIGINALNA SLIKA Metulj - Plantelish<\/title>\n<meta name=\"robots\" content=\"index, follow, max-snippet:-1, max-image-preview:large, max-video-preview:-1\" \/>\n<link rel=\"canonical\" href=\"https:\/\/plantelish.com\/en\/originalna-slika-metulj\/\" \/>\n<meta property=\"og:locale\" content=\"en_GB\" \/>\n<meta property=\"og:type\" content=\"article\" \/>\n<meta property=\"og:title\" content=\"ORIGINALNA SLIKA Metulj - Plantelish\" \/>\n<meta property=\"og:description\" content=\"Ro\u010dno narisana slika v me\u0161ani tehniki, predvsem akvarel in marker, na tr\u0161i akvarelni papir.  Velikost: 30x40cm. \u010cas dostave:\u00a03-5 delovnih dni\" \/>\n<meta property=\"og:url\" content=\"https:\/\/plantelish.com\/en\/originalna-slika-metulj\/\" \/>\n<meta property=\"og:site_name\" content=\"Plantelish\" \/>\n<meta property=\"article:modified_time\" content=\"2024-01-29T10:51:03+00:00\" \/>\n<meta property=\"og:image\" content=\"https:\/\/plantelish.com\/wp-content\/uploads\/2023\/03\/IMG-6030-1.jpg\" \/>\n\t<meta property=\"og:image:width\" content=\"615\" \/>\n\t<meta property=\"og:image:height\" content=\"873\" \/>\n\t<meta property=\"og:image:type\" content=\"image\/jpeg\" \/>\n<meta name=\"twitter:card\" content=\"summary_large_image\" \/>\n<meta name=\"twitter:label1\" content=\"Estimated reading time\" \/>\n\t<meta name=\"twitter:data1\" content=\"1 minute\" \/>\n<script type=\"application\/ld+json\" class=\"yoast-schema-graph\">{\"@context\":\"https:\\\/\\\/schema.org\",\"@graph\":[{\"@type\":\"WebPage\",\"@id\":\"https:\\\/\\\/plantelish.com\\\/originalna-slika-metulj\\\/\",\"url\":\"https:\\\/\\\/plantelish.com\\\/originalna-slika-metulj\\\/\",\"name\":\"ORIGINALNA SLIKA Metulj - Plantelish\",\"isPartOf\":{\"@id\":\"https:\\\/\\\/plantelish.com\\\/#website\"},\"primaryImageOfPage\":{\"@id\":\"https:\\\/\\\/plantelish.com\\\/originalna-slika-metulj\\\/#primaryimage\"},\"image\":{\"@id\":\"https:\\\/\\\/plantelish.com\\\/originalna-slika-metulj\\\/#primaryimage\"},\"thumbnailUrl\":\"https:\\\/\\\/plantelish.com\\\/wp-content\\\/uploads\\\/2023\\\/03\\\/IMG-6030-1.jpg\",\"datePublished\":\"2023-03-18T18:03:45+00:00\",\"dateModified\":\"2024-01-29T10:51:03+00:00\",\"breadcrumb\":{\"@id\":\"https:\\\/\\\/plantelish.com\\\/originalna-slika-metulj\\\/#breadcrumb\"},\"inLanguage\":\"en-GB\",\"potentialAction\":[{\"@type\":\"ReadAction\",\"target\":[\"https:\\\/\\\/plantelish.com\\\/originalna-slika-metulj\\\/\"]}]},{\"@type\":\"ImageObject\",\"inLanguage\":\"en-GB\",\"@id\":\"https:\\\/\\\/plantelish.com\\\/originalna-slika-metulj\\\/#primaryimage\",\"url\":\"https:\\\/\\\/plantelish.com\\\/wp-content\\\/uploads\\\/2023\\\/03\\\/IMG-6030-1.jpg\",\"contentUrl\":\"https:\\\/\\\/plantelish.com\\\/wp-content\\\/uploads\\\/2023\\\/03\\\/IMG-6030-1.jpg\",\"width\":615,\"height\":873},{\"@type\":\"BreadcrumbList\",\"@id\":\"https:\\\/\\\/plantelish.com\\\/originalna-slika-metulj\\\/#breadcrumb\",\"itemListElement\":[{\"@type\":\"ListItem\",\"position\":1,\"name\":\"Home\",\"item\":\"https:\\\/\\\/plantelish.com\\\/\"},{\"@type\":\"ListItem\",\"position\":2,\"name\":\"Izdelki\",\"item\":\"https:\\\/\\\/plantelish.com\\\/shop\\\/\"},{\"@type\":\"ListItem\",\"position\":3,\"name\":\"ORIGINALNA SLIKA Metulj\"}]},{\"@type\":\"WebSite\",\"@id\":\"https:\\\/\\\/plantelish.com\\\/#website\",\"url\":\"https:\\\/\\\/plantelish.com\\\/\",\"name\":\"Plantelish\",\"description\":\"Zeleni mir v va\u0161em domu\",\"publisher\":{\"@id\":\"https:\\\/\\\/plantelish.com\\\/#organization\"},\"potentialAction\":[{\"@type\":\"SearchAction\",\"target\":{\"@type\":\"EntryPoint\",\"urlTemplate\":\"https:\\\/\\\/plantelish.com\\\/?s={search_term_string}\"},\"query-input\":{\"@type\":\"PropertyValueSpecification\",\"valueRequired\":true,\"valueName\":\"search_term_string\"}}],\"inLanguage\":\"en-GB\"},{\"@type\":\"Organization\",\"@id\":\"https:\\\/\\\/plantelish.com\\\/#organization\",\"name\":\"Plantelish\",\"url\":\"https:\\\/\\\/plantelish.com\\\/\",\"logo\":{\"@type\":\"ImageObject\",\"inLanguage\":\"en-GB\",\"@id\":\"https:\\\/\\\/plantelish.com\\\/#\\\/schema\\\/logo\\\/image\\\/\",\"url\":\"https:\\\/\\\/plantelish.com\\\/wp-content\\\/uploads\\\/2022\\\/11\\\/LOGO.png\",\"contentUrl\":\"https:\\\/\\\/plantelish.com\\\/wp-content\\\/uploads\\\/2022\\\/11\\\/LOGO.png\",\"width\":1364,\"height\":1364,\"caption\":\"Plantelish\"},\"image\":{\"@id\":\"https:\\\/\\\/plantelish.com\\\/#\\\/schema\\\/logo\\\/image\\\/\"}}]}<\/script>\n<!-- \/ Yoast SEO plugin. -->","yoast_head_json":{"title":"ORIGINALNA SLIKA Metulj - Plantelish","robots":{"index":"index","follow":"follow","max-snippet":"max-snippet:-1","max-image-preview":"max-image-preview:large","max-video-preview":"max-video-preview:-1"},"canonical":"https:\/\/plantelish.com\/en\/originalna-slika-metulj\/","og_locale":"en_GB","og_type":"article","og_title":"ORIGINALNA SLIKA Metulj - Plantelish","og_description":"Ro\u010dno narisana slika v me\u0161ani tehniki, predvsem akvarel in marker, na tr\u0161i akvarelni papir.  Velikost: 30x40cm. \u010cas dostave:\u00a03-5 delovnih dni","og_url":"https:\/\/plantelish.com\/en\/originalna-slika-metulj\/","og_site_name":"Plantelish","article_modified_time":"2024-01-29T10:51:03+00:00","og_image":[{"width":615,"height":873,"url":"https:\/\/plantelish.com\/wp-content\/uploads\/2023\/03\/IMG-6030-1.jpg","type":"image\/jpeg"}],"twitter_card":"summary_large_image","twitter_misc":{"Estimated reading time":"1 minute"},"schema":{"@context":"https:\/\/schema.org","@graph":[{"@type":"WebPage","@id":"https:\/\/plantelish.com\/originalna-slika-metulj\/","url":"https:\/\/plantelish.com\/originalna-slika-metulj\/","name":"ORIGINALNA SLIKA Metulj - Plantelish","isPartOf":{"@id":"https:\/\/plantelish.com\/#website"},"primaryImageOfPage":{"@id":"https:\/\/plantelish.com\/originalna-slika-metulj\/#primaryimage"},"image":{"@id":"https:\/\/plantelish.com\/originalna-slika-metulj\/#primaryimage"},"thumbnailUrl":"https:\/\/plantelish.com\/wp-content\/uploads\/2023\/03\/IMG-6030-1.jpg","datePublished":"2023-03-18T18:03:45+00:00","dateModified":"2024-01-29T10:51:03+00:00","breadcrumb":{"@id":"https:\/\/plantelish.com\/originalna-slika-metulj\/#breadcrumb"},"inLanguage":"en-GB","potentialAction":[{"@type":"ReadAction","target":["https:\/\/plantelish.com\/originalna-slika-metulj\/"]}]},{"@type":"ImageObject","inLanguage":"en-GB","@id":"https:\/\/plantelish.com\/originalna-slika-metulj\/#primaryimage","url":"https:\/\/plantelish.com\/wp-content\/uploads\/2023\/03\/IMG-6030-1.jpg","contentUrl":"https:\/\/plantelish.com\/wp-content\/uploads\/2023\/03\/IMG-6030-1.jpg","width":615,"height":873},{"@type":"BreadcrumbList","@id":"https:\/\/plantelish.com\/originalna-slika-metulj\/#breadcrumb","itemListElement":[{"@type":"ListItem","position":1,"name":"Home","item":"https:\/\/plantelish.com\/"},{"@type":"ListItem","position":2,"name":"Izdelki","item":"https:\/\/plantelish.com\/shop\/"},{"@type":"ListItem","position":3,"name":"ORIGINALNA SLIKA Metulj"}]},{"@type":"WebSite","@id":"https:\/\/plantelish.com\/#website","url":"https:\/\/plantelish.com\/","name":"Plantelish","description":"Zeleni mir v va\u0161em domu","publisher":{"@id":"https:\/\/plantelish.com\/#organization"},"potentialAction":[{"@type":"SearchAction","target":{"@type":"EntryPoint","urlTemplate":"https:\/\/plantelish.com\/?s={search_term_string}"},"query-input":{"@type":"PropertyValueSpecification","valueRequired":true,"valueName":"search_term_string"}}],"inLanguage":"en-GB"},{"@type":"Organization","@id":"https:\/\/plantelish.com\/#organization","name":"Plantelish","url":"https:\/\/plantelish.com\/","logo":{"@type":"ImageObject","inLanguage":"en-GB","@id":"https:\/\/plantelish.com\/#\/schema\/logo\/image\/","url":"https:\/\/plantelish.com\/wp-content\/uploads\/2022\/11\/LOGO.png","contentUrl":"https:\/\/plantelish.com\/wp-content\/uploads\/2022\/11\/LOGO.png","width":1364,"height":1364,"caption":"Plantelish"},"image":{"@id":"https:\/\/plantelish.com\/#\/schema\/logo\/image\/"}}]}},"_links":{"self":[{"href":"https:\/\/plantelish.com\/en\/wp-json\/wp\/v2\/product\/4974","targetHints":{"allow":["GET"]}}],"collection":[{"href":"https:\/\/plantelish.com\/en\/wp-json\/wp\/v2\/product"}],"about":[{"href":"https:\/\/plantelish.com\/en\/wp-json\/wp\/v2\/types\/product"}],"replies":[{"embeddable":true,"href":"https:\/\/plantelish.com\/en\/wp-json\/wp\/v2\/comments?post=4974"}],"wp:featuredmedia":[{"embeddable":true,"href":"https:\/\/plantelish.com\/en\/wp-json\/wp\/v2\/media\/4975"}],"wp:attachment":[{"href":"https:\/\/plantelish.com\/en\/wp-json\/wp\/v2\/media?parent=4974"}],"wp:term":[{"taxonomy":"product_brand","embeddable":true,"href":"https:\/\/plantelish.com\/en\/wp-json\/wp\/v2\/product_brand?post=4974"},{"taxonomy":"product_cat","embeddable":true,"href":"https:\/\/plantelish.com\/en\/wp-json\/wp\/v2\/product_cat?post=4974"},{"taxonomy":"product_tag","embeddable":true,"href":"https:\/\/plantelish.com\/en\/wp-json\/wp\/v2\/product_tag?post=4974"}],"curies":[{"name":"wp","href":"https:\/\/api.w.org\/{rel}","templated":true}]}}