{"id":5471,"date":"2023-11-12T12:11:36","date_gmt":"2023-11-12T10:11:36","guid":{"rendered":"https:\/\/plantelish.com\/?post_type=product&#038;p=5471"},"modified":"2024-01-29T12:51:02","modified_gmt":"2024-01-29T10:51:02","slug":"originalna-slika-zakrit-pogled","status":"publish","type":"product","link":"https:\/\/plantelish.com\/en\/originalna-slika-zakrit-pogled\/","title":{"rendered":"ORIGINAL ARTWORK Hidden Sight"},"content":{"rendered":"<p>Hidden Sight is extremely powerful in psychological symbolism. It is about the pain of spiritual awakening, the transformation into more harmonious Self. Tears are cathartic. It's about letting go of the past and joy over the new. The newly born is still hiding, but the butterfly symbolizes the treasures obtained on the path of growth and those meaningful coincidences, transcendence.<\/p>\n<p>Hand painted on watercolor paper 300g, watercolors and marker.<\/p>\n<p>Size is 12x16 inches.<\/p>","protected":false},"excerpt":{"rendered":"<p>Hidden Sight is extremely powerful in psychological symbolism. It is about the pain of spiritual awakening, the transformation into more harmonious Self. Tears are cathartic. It's about letting go of the past and joy over the new. The newly born is still hiding, but the butterfly symbolizes the treasures obtained on the path of growth and those meaningful coincidences, transcendence.<\/p>\n<p>Hand painted on watercolor paper 300g, watercolors and marker.<\/p>\n<p>Size is 12x16 inches.<\/p>","protected":false},"featured_media":5472,"comment_status":"open","ping_status":"closed","template":"","meta":[],"product_brand":[],"product_cat":[36],"product_tag":[],"class_list":{"0":"post-5471","1":"product","2":"type-product","3":"status-publish","4":"has-post-thumbnail","6":"product_cat-originalne-slike","7":"product_shipping_class-osnovno","9":"first","10":"instock","11":"shipping-taxable","12":"purchasable","13":"product-type-simple"},"yoast_head":"<!-- This site is optimized with the Yoast SEO plugin v27.5 - https:\/\/yoast.com\/product\/yoast-seo-wordpress\/ -->\n<title>ORIGINALNA SLIKA Zakrit pogled - Plantelish<\/title>\n<meta name=\"description\" content=\"Slika Zakrit pogled je izjemno mo\u010dna v psiholo\u0161ki simboliki. Gre za bole\u010dino ob prebujanju vase, v preoblikovanju v skladnej\u0161i Jaz. Solza je prijazna, je \u017ealovanje za starim in presunjenost nad novim. Na novo rojena se \u0161e skriva, vendar metulj simbolizira zaklade, pridobljene na poti rasti in tista pomenljiva naklju\u010dja, transcendenco.Tehnika je akvarel in marker.Velikost slike je 30x40 cm.\" \/>\n<meta name=\"robots\" content=\"index, follow, max-snippet:-1, max-image-preview:large, max-video-preview:-1\" \/>\n<link rel=\"canonical\" href=\"https:\/\/plantelish.com\/en\/originalna-slika-zakrit-pogled\/\" \/>\n<meta property=\"og:locale\" content=\"en_GB\" \/>\n<meta property=\"og:type\" content=\"article\" \/>\n<meta property=\"og:title\" content=\"ORIGINALNA SLIKA Zakrit pogled - Plantelish\" \/>\n<meta property=\"og:description\" content=\"Slika Zakrit pogled je izjemno mo\u010dna v psiholo\u0161ki simboliki. Gre za bole\u010dino ob prebujanju vase, v preoblikovanju v skladnej\u0161i Jaz. Solza je prijazna, je \u017ealovanje za starim in presunjenost nad novim. Na novo rojena se \u0161e skriva, vendar metulj simbolizira zaklade, pridobljene na poti rasti in tista pomenljiva naklju\u010dja, transcendenco.Tehnika je akvarel in marker.Velikost slike je 30x40 cm.\" \/>\n<meta property=\"og:url\" content=\"https:\/\/plantelish.com\/en\/originalna-slika-zakrit-pogled\/\" \/>\n<meta property=\"og:site_name\" content=\"Plantelish\" \/>\n<meta property=\"article:modified_time\" content=\"2024-01-29T10:51:02+00:00\" \/>\n<meta property=\"og:image\" content=\"https:\/\/plantelish.com\/wp-content\/uploads\/2023\/11\/IMG_6001.jpg\" \/>\n\t<meta property=\"og:image:width\" content=\"1179\" \/>\n\t<meta property=\"og:image:height\" content=\"1457\" \/>\n\t<meta property=\"og:image:type\" content=\"image\/jpeg\" \/>\n<meta name=\"twitter:card\" content=\"summary_large_image\" \/>\n<meta name=\"twitter:label1\" content=\"Estimated reading time\" \/>\n\t<meta name=\"twitter:data1\" content=\"1 minute\" \/>\n<script type=\"application\/ld+json\" class=\"yoast-schema-graph\">{\"@context\":\"https:\\\/\\\/schema.org\",\"@graph\":[{\"@type\":\"WebPage\",\"@id\":\"https:\\\/\\\/plantelish.com\\\/originalna-slika-zakrit-pogled\\\/\",\"url\":\"https:\\\/\\\/plantelish.com\\\/originalna-slika-zakrit-pogled\\\/\",\"name\":\"ORIGINALNA SLIKA Zakrit pogled - Plantelish\",\"isPartOf\":{\"@id\":\"https:\\\/\\\/plantelish.com\\\/#website\"},\"primaryImageOfPage\":{\"@id\":\"https:\\\/\\\/plantelish.com\\\/originalna-slika-zakrit-pogled\\\/#primaryimage\"},\"image\":{\"@id\":\"https:\\\/\\\/plantelish.com\\\/originalna-slika-zakrit-pogled\\\/#primaryimage\"},\"thumbnailUrl\":\"https:\\\/\\\/plantelish.com\\\/wp-content\\\/uploads\\\/2023\\\/11\\\/IMG_6001.jpg\",\"datePublished\":\"2023-11-12T10:11:36+00:00\",\"dateModified\":\"2024-01-29T10:51:02+00:00\",\"description\":\"Slika Zakrit pogled je izjemno mo\u010dna v psiholo\u0161ki simboliki. Gre za bole\u010dino ob prebujanju vase, v preoblikovanju v skladnej\u0161i Jaz. Solza je prijazna, je \u017ealovanje za starim in presunjenost nad novim. Na novo rojena se \u0161e skriva, vendar metulj simbolizira zaklade, pridobljene na poti rasti in tista pomenljiva naklju\u010dja, transcendenco.Tehnika je akvarel in marker.Velikost slike je 30x40 cm.\",\"breadcrumb\":{\"@id\":\"https:\\\/\\\/plantelish.com\\\/originalna-slika-zakrit-pogled\\\/#breadcrumb\"},\"inLanguage\":\"en-GB\",\"potentialAction\":[{\"@type\":\"ReadAction\",\"target\":[\"https:\\\/\\\/plantelish.com\\\/originalna-slika-zakrit-pogled\\\/\"]}]},{\"@type\":\"ImageObject\",\"inLanguage\":\"en-GB\",\"@id\":\"https:\\\/\\\/plantelish.com\\\/originalna-slika-zakrit-pogled\\\/#primaryimage\",\"url\":\"https:\\\/\\\/plantelish.com\\\/wp-content\\\/uploads\\\/2023\\\/11\\\/IMG_6001.jpg\",\"contentUrl\":\"https:\\\/\\\/plantelish.com\\\/wp-content\\\/uploads\\\/2023\\\/11\\\/IMG_6001.jpg\",\"width\":1179,\"height\":1457},{\"@type\":\"BreadcrumbList\",\"@id\":\"https:\\\/\\\/plantelish.com\\\/originalna-slika-zakrit-pogled\\\/#breadcrumb\",\"itemListElement\":[{\"@type\":\"ListItem\",\"position\":1,\"name\":\"Home\",\"item\":\"https:\\\/\\\/plantelish.com\\\/\"},{\"@type\":\"ListItem\",\"position\":2,\"name\":\"Izdelki\",\"item\":\"https:\\\/\\\/plantelish.com\\\/shop\\\/\"},{\"@type\":\"ListItem\",\"position\":3,\"name\":\"ORIGINALNA SLIKA Zakrit pogled\"}]},{\"@type\":\"WebSite\",\"@id\":\"https:\\\/\\\/plantelish.com\\\/#website\",\"url\":\"https:\\\/\\\/plantelish.com\\\/\",\"name\":\"Plantelish\",\"description\":\"Zeleni mir v va\u0161em domu\",\"publisher\":{\"@id\":\"https:\\\/\\\/plantelish.com\\\/#organization\"},\"potentialAction\":[{\"@type\":\"SearchAction\",\"target\":{\"@type\":\"EntryPoint\",\"urlTemplate\":\"https:\\\/\\\/plantelish.com\\\/?s={search_term_string}\"},\"query-input\":{\"@type\":\"PropertyValueSpecification\",\"valueRequired\":true,\"valueName\":\"search_term_string\"}}],\"inLanguage\":\"en-GB\"},{\"@type\":\"Organization\",\"@id\":\"https:\\\/\\\/plantelish.com\\\/#organization\",\"name\":\"Plantelish\",\"url\":\"https:\\\/\\\/plantelish.com\\\/\",\"logo\":{\"@type\":\"ImageObject\",\"inLanguage\":\"en-GB\",\"@id\":\"https:\\\/\\\/plantelish.com\\\/#\\\/schema\\\/logo\\\/image\\\/\",\"url\":\"https:\\\/\\\/plantelish.com\\\/wp-content\\\/uploads\\\/2022\\\/11\\\/LOGO.png\",\"contentUrl\":\"https:\\\/\\\/plantelish.com\\\/wp-content\\\/uploads\\\/2022\\\/11\\\/LOGO.png\",\"width\":1364,\"height\":1364,\"caption\":\"Plantelish\"},\"image\":{\"@id\":\"https:\\\/\\\/plantelish.com\\\/#\\\/schema\\\/logo\\\/image\\\/\"}}]}<\/script>\n<!-- \/ Yoast SEO plugin. -->","yoast_head_json":{"title":"ORIGINALNA SLIKA Zakrit pogled - Plantelish","description":"Slika Zakrit pogled je izjemno mo\u010dna v psiholo\u0161ki simboliki. Gre za bole\u010dino ob prebujanju vase, v preoblikovanju v skladnej\u0161i Jaz. Solza je prijazna, je \u017ealovanje za starim in presunjenost nad novim. Na novo rojena se \u0161e skriva, vendar metulj simbolizira zaklade, pridobljene na poti rasti in tista pomenljiva naklju\u010dja, transcendenco.Tehnika je akvarel in marker.Velikost slike je 30x40 cm.","robots":{"index":"index","follow":"follow","max-snippet":"max-snippet:-1","max-image-preview":"max-image-preview:large","max-video-preview":"max-video-preview:-1"},"canonical":"https:\/\/plantelish.com\/en\/originalna-slika-zakrit-pogled\/","og_locale":"en_GB","og_type":"article","og_title":"ORIGINALNA SLIKA Zakrit pogled - Plantelish","og_description":"Slika Zakrit pogled je izjemno mo\u010dna v psiholo\u0161ki simboliki. Gre za bole\u010dino ob prebujanju vase, v preoblikovanju v skladnej\u0161i Jaz. Solza je prijazna, je \u017ealovanje za starim in presunjenost nad novim. Na novo rojena se \u0161e skriva, vendar metulj simbolizira zaklade, pridobljene na poti rasti in tista pomenljiva naklju\u010dja, transcendenco.Tehnika je akvarel in marker.Velikost slike je 30x40 cm.","og_url":"https:\/\/plantelish.com\/en\/originalna-slika-zakrit-pogled\/","og_site_name":"Plantelish","article_modified_time":"2024-01-29T10:51:02+00:00","og_image":[{"width":1179,"height":1457,"url":"https:\/\/plantelish.com\/wp-content\/uploads\/2023\/11\/IMG_6001.jpg","type":"image\/jpeg"}],"twitter_card":"summary_large_image","twitter_misc":{"Estimated reading time":"1 minute"},"schema":{"@context":"https:\/\/schema.org","@graph":[{"@type":"WebPage","@id":"https:\/\/plantelish.com\/originalna-slika-zakrit-pogled\/","url":"https:\/\/plantelish.com\/originalna-slika-zakrit-pogled\/","name":"ORIGINALNA SLIKA Zakrit pogled - Plantelish","isPartOf":{"@id":"https:\/\/plantelish.com\/#website"},"primaryImageOfPage":{"@id":"https:\/\/plantelish.com\/originalna-slika-zakrit-pogled\/#primaryimage"},"image":{"@id":"https:\/\/plantelish.com\/originalna-slika-zakrit-pogled\/#primaryimage"},"thumbnailUrl":"https:\/\/plantelish.com\/wp-content\/uploads\/2023\/11\/IMG_6001.jpg","datePublished":"2023-11-12T10:11:36+00:00","dateModified":"2024-01-29T10:51:02+00:00","description":"Slika Zakrit pogled je izjemno mo\u010dna v psiholo\u0161ki simboliki. Gre za bole\u010dino ob prebujanju vase, v preoblikovanju v skladnej\u0161i Jaz. Solza je prijazna, je \u017ealovanje za starim in presunjenost nad novim. Na novo rojena se \u0161e skriva, vendar metulj simbolizira zaklade, pridobljene na poti rasti in tista pomenljiva naklju\u010dja, transcendenco.Tehnika je akvarel in marker.Velikost slike je 30x40 cm.","breadcrumb":{"@id":"https:\/\/plantelish.com\/originalna-slika-zakrit-pogled\/#breadcrumb"},"inLanguage":"en-GB","potentialAction":[{"@type":"ReadAction","target":["https:\/\/plantelish.com\/originalna-slika-zakrit-pogled\/"]}]},{"@type":"ImageObject","inLanguage":"en-GB","@id":"https:\/\/plantelish.com\/originalna-slika-zakrit-pogled\/#primaryimage","url":"https:\/\/plantelish.com\/wp-content\/uploads\/2023\/11\/IMG_6001.jpg","contentUrl":"https:\/\/plantelish.com\/wp-content\/uploads\/2023\/11\/IMG_6001.jpg","width":1179,"height":1457},{"@type":"BreadcrumbList","@id":"https:\/\/plantelish.com\/originalna-slika-zakrit-pogled\/#breadcrumb","itemListElement":[{"@type":"ListItem","position":1,"name":"Home","item":"https:\/\/plantelish.com\/"},{"@type":"ListItem","position":2,"name":"Izdelki","item":"https:\/\/plantelish.com\/shop\/"},{"@type":"ListItem","position":3,"name":"ORIGINALNA SLIKA Zakrit pogled"}]},{"@type":"WebSite","@id":"https:\/\/plantelish.com\/#website","url":"https:\/\/plantelish.com\/","name":"Plantelish","description":"Zeleni mir v va\u0161em domu","publisher":{"@id":"https:\/\/plantelish.com\/#organization"},"potentialAction":[{"@type":"SearchAction","target":{"@type":"EntryPoint","urlTemplate":"https:\/\/plantelish.com\/?s={search_term_string}"},"query-input":{"@type":"PropertyValueSpecification","valueRequired":true,"valueName":"search_term_string"}}],"inLanguage":"en-GB"},{"@type":"Organization","@id":"https:\/\/plantelish.com\/#organization","name":"Plantelish","url":"https:\/\/plantelish.com\/","logo":{"@type":"ImageObject","inLanguage":"en-GB","@id":"https:\/\/plantelish.com\/#\/schema\/logo\/image\/","url":"https:\/\/plantelish.com\/wp-content\/uploads\/2022\/11\/LOGO.png","contentUrl":"https:\/\/plantelish.com\/wp-content\/uploads\/2022\/11\/LOGO.png","width":1364,"height":1364,"caption":"Plantelish"},"image":{"@id":"https:\/\/plantelish.com\/#\/schema\/logo\/image\/"}}]}},"_links":{"self":[{"href":"https:\/\/plantelish.com\/en\/wp-json\/wp\/v2\/product\/5471","targetHints":{"allow":["GET"]}}],"collection":[{"href":"https:\/\/plantelish.com\/en\/wp-json\/wp\/v2\/product"}],"about":[{"href":"https:\/\/plantelish.com\/en\/wp-json\/wp\/v2\/types\/product"}],"replies":[{"embeddable":true,"href":"https:\/\/plantelish.com\/en\/wp-json\/wp\/v2\/comments?post=5471"}],"wp:featuredmedia":[{"embeddable":true,"href":"https:\/\/plantelish.com\/en\/wp-json\/wp\/v2\/media\/5472"}],"wp:attachment":[{"href":"https:\/\/plantelish.com\/en\/wp-json\/wp\/v2\/media?parent=5471"}],"wp:term":[{"taxonomy":"product_brand","embeddable":true,"href":"https:\/\/plantelish.com\/en\/wp-json\/wp\/v2\/product_brand?post=5471"},{"taxonomy":"product_cat","embeddable":true,"href":"https:\/\/plantelish.com\/en\/wp-json\/wp\/v2\/product_cat?post=5471"},{"taxonomy":"product_tag","embeddable":true,"href":"https:\/\/plantelish.com\/en\/wp-json\/wp\/v2\/product_tag?post=5471"}],"curies":[{"name":"wp","href":"https:\/\/api.w.org\/{rel}","templated":true}]}}