{"id":5667,"date":"2024-01-09T10:33:35","date_gmt":"2024-01-09T08:33:35","guid":{"rendered":"https:\/\/plantelish.com\/?post_type=product&#038;p=5667"},"modified":"2024-01-29T12:51:00","modified_gmt":"2024-01-29T10:51:00","slug":"originalna-slika-plesoca-s-stvarstvom","status":"publish","type":"product","link":"https:\/\/plantelish.com\/en\/originalna-slika-plesoca-s-stvarstvom\/","title":{"rendered":"ORIGINAL ARTWORK Dancing with the Universe"},"content":{"rendered":"<p>The painting Dancing with the Universe depicts a woman who is in flow, attuned to herself and the world around her. In the ancient yogic posture, it reflects peace and strength. All-connectedness with everything, oneness. Let her remind you on your inner center, your focus on the good and the beautiful, on \"little\" miracles: when you are so enlightened and attuned to moment that a butterfly \"accidentally\" lands on your hair.<\/p>\n<p>Hand painted on watercolor paper 300g, watercolors and marker.<\/p>\n<p>Size is 12x16 inches.<\/p>","protected":false},"excerpt":{"rendered":"<p>The painting Dancing with the Universe depicts a woman who is in flow, attuned to herself and the world around her. In the ancient yogic posture, it reflects peace and strength. All-connectedness with everything, oneness. Let her remind you on your inner center, your focus on the good and the beautiful, on \"little\" miracles: when you are so enlightened and attuned to moment that a butterfly \"accidentally\" lands on your hair.<\/p>\n<p>Hand painted on watercolor paper 300g, watercolors and marker.<\/p>\n<p>Size is 12x16 inches.<\/p>","protected":false},"featured_media":5675,"comment_status":"open","ping_status":"closed","template":"","meta":[],"product_brand":[],"product_cat":[36],"product_tag":[],"class_list":{"0":"post-5667","1":"product","2":"type-product","3":"status-publish","4":"has-post-thumbnail","6":"product_cat-originalne-slike","7":"product_shipping_class-osnovno","9":"first","10":"instock","11":"sale","12":"shipping-taxable","13":"purchasable","14":"product-type-simple"},"yoast_head":"<!-- This site is optimized with the Yoast SEO plugin v27.5 - https:\/\/yoast.com\/product\/yoast-seo-wordpress\/ -->\n<title>ORIGINALNA SLIKA Pleso\u010da s stvarstvom - Plantelish<\/title>\n<meta name=\"description\" content=\"Slika Pleso\u010da s stvarstvom prikazuje \u017eensko, ki je v flowu, naravnana nase in na svet okoli sebe. V starodavnem jogijskem polo\u017eanju odseva mir in mo\u010d. Vsepovezanost s stvarstvom, enost. Ob pogledu nanjo se spomni svojega notranjega sredi\u0161\u010da, fokusa na dobro in lepo, na male velike \u010dude\u017eke: ko si tako svetlobna, da po &#039;naklju\u010dju&#039; na tvoje lase prileti metulj.Tehnika je akvarel in marker.Velikost slike je 30x40 cm.\" \/>\n<meta name=\"robots\" content=\"index, follow, max-snippet:-1, max-image-preview:large, max-video-preview:-1\" \/>\n<link rel=\"canonical\" href=\"https:\/\/plantelish.com\/en\/originalna-slika-plesoca-s-stvarstvom\/\" \/>\n<meta property=\"og:locale\" content=\"en_GB\" \/>\n<meta property=\"og:type\" content=\"article\" \/>\n<meta property=\"og:title\" content=\"ORIGINALNA SLIKA Pleso\u010da s stvarstvom - Plantelish\" \/>\n<meta property=\"og:description\" content=\"Slika Pleso\u010da s stvarstvom prikazuje \u017eensko, ki je v flowu, naravnana nase in na svet okoli sebe. V starodavnem jogijskem polo\u017eanju odseva mir in mo\u010d. Vsepovezanost s stvarstvom, enost. Ob pogledu nanjo se spomni svojega notranjega sredi\u0161\u010da, fokusa na dobro in lepo, na male velike \u010dude\u017eke: ko si tako svetlobna, da po &#039;naklju\u010dju&#039; na tvoje lase prileti metulj.Tehnika je akvarel in marker.Velikost slike je 30x40 cm.\" \/>\n<meta property=\"og:url\" content=\"https:\/\/plantelish.com\/en\/originalna-slika-plesoca-s-stvarstvom\/\" \/>\n<meta property=\"og:site_name\" content=\"Plantelish\" \/>\n<meta property=\"article:modified_time\" content=\"2024-01-29T10:51:00+00:00\" \/>\n<meta property=\"og:image\" content=\"https:\/\/plantelish.com\/wp-content\/uploads\/2024\/01\/PhotoRoom_20230118_231742-768x1024.png\" \/>\n\t<meta property=\"og:image:width\" content=\"768\" \/>\n\t<meta property=\"og:image:height\" content=\"1024\" \/>\n\t<meta property=\"og:image:type\" content=\"image\/png\" \/>\n<meta name=\"twitter:card\" content=\"summary_large_image\" \/>\n<meta name=\"twitter:label1\" content=\"Estimated reading time\" \/>\n\t<meta name=\"twitter:data1\" content=\"1 minute\" \/>\n<script type=\"application\/ld+json\" class=\"yoast-schema-graph\">{\"@context\":\"https:\\\/\\\/schema.org\",\"@graph\":[{\"@type\":\"WebPage\",\"@id\":\"https:\\\/\\\/plantelish.com\\\/originalna-slika-plesoca-s-stvarstvom\\\/\",\"url\":\"https:\\\/\\\/plantelish.com\\\/originalna-slika-plesoca-s-stvarstvom\\\/\",\"name\":\"ORIGINALNA SLIKA Pleso\u010da s stvarstvom - Plantelish\",\"isPartOf\":{\"@id\":\"https:\\\/\\\/plantelish.com\\\/#website\"},\"primaryImageOfPage\":{\"@id\":\"https:\\\/\\\/plantelish.com\\\/originalna-slika-plesoca-s-stvarstvom\\\/#primaryimage\"},\"image\":{\"@id\":\"https:\\\/\\\/plantelish.com\\\/originalna-slika-plesoca-s-stvarstvom\\\/#primaryimage\"},\"thumbnailUrl\":\"https:\\\/\\\/plantelish.com\\\/wp-content\\\/uploads\\\/2024\\\/01\\\/PhotoRoom_20230118_231742.png\",\"datePublished\":\"2024-01-09T08:33:35+00:00\",\"dateModified\":\"2024-01-29T10:51:00+00:00\",\"description\":\"Slika Pleso\u010da s stvarstvom prikazuje \u017eensko, ki je v flowu, naravnana nase in na svet okoli sebe. V starodavnem jogijskem polo\u017eanju odseva mir in mo\u010d. Vsepovezanost s stvarstvom, enost. Ob pogledu nanjo se spomni svojega notranjega sredi\u0161\u010da, fokusa na dobro in lepo, na male velike \u010dude\u017eke: ko si tako svetlobna, da po 'naklju\u010dju' na tvoje lase prileti metulj.Tehnika je akvarel in marker.Velikost slike je 30x40 cm.\",\"breadcrumb\":{\"@id\":\"https:\\\/\\\/plantelish.com\\\/originalna-slika-plesoca-s-stvarstvom\\\/#breadcrumb\"},\"inLanguage\":\"en-GB\",\"potentialAction\":[{\"@type\":\"ReadAction\",\"target\":[\"https:\\\/\\\/plantelish.com\\\/originalna-slika-plesoca-s-stvarstvom\\\/\"]}]},{\"@type\":\"ImageObject\",\"inLanguage\":\"en-GB\",\"@id\":\"https:\\\/\\\/plantelish.com\\\/originalna-slika-plesoca-s-stvarstvom\\\/#primaryimage\",\"url\":\"https:\\\/\\\/plantelish.com\\\/wp-content\\\/uploads\\\/2024\\\/01\\\/PhotoRoom_20230118_231742.png\",\"contentUrl\":\"https:\\\/\\\/plantelish.com\\\/wp-content\\\/uploads\\\/2024\\\/01\\\/PhotoRoom_20230118_231742.png\",\"width\":1800,\"height\":2400},{\"@type\":\"BreadcrumbList\",\"@id\":\"https:\\\/\\\/plantelish.com\\\/originalna-slika-plesoca-s-stvarstvom\\\/#breadcrumb\",\"itemListElement\":[{\"@type\":\"ListItem\",\"position\":1,\"name\":\"Home\",\"item\":\"https:\\\/\\\/plantelish.com\\\/\"},{\"@type\":\"ListItem\",\"position\":2,\"name\":\"Izdelki\",\"item\":\"https:\\\/\\\/plantelish.com\\\/shop\\\/\"},{\"@type\":\"ListItem\",\"position\":3,\"name\":\"ORIGINALNA SLIKA Pleso\u010da s stvarstvom\"}]},{\"@type\":\"WebSite\",\"@id\":\"https:\\\/\\\/plantelish.com\\\/#website\",\"url\":\"https:\\\/\\\/plantelish.com\\\/\",\"name\":\"Plantelish\",\"description\":\"Zeleni mir v va\u0161em domu\",\"publisher\":{\"@id\":\"https:\\\/\\\/plantelish.com\\\/#organization\"},\"potentialAction\":[{\"@type\":\"SearchAction\",\"target\":{\"@type\":\"EntryPoint\",\"urlTemplate\":\"https:\\\/\\\/plantelish.com\\\/?s={search_term_string}\"},\"query-input\":{\"@type\":\"PropertyValueSpecification\",\"valueRequired\":true,\"valueName\":\"search_term_string\"}}],\"inLanguage\":\"en-GB\"},{\"@type\":\"Organization\",\"@id\":\"https:\\\/\\\/plantelish.com\\\/#organization\",\"name\":\"Plantelish\",\"url\":\"https:\\\/\\\/plantelish.com\\\/\",\"logo\":{\"@type\":\"ImageObject\",\"inLanguage\":\"en-GB\",\"@id\":\"https:\\\/\\\/plantelish.com\\\/#\\\/schema\\\/logo\\\/image\\\/\",\"url\":\"https:\\\/\\\/plantelish.com\\\/wp-content\\\/uploads\\\/2022\\\/11\\\/LOGO.png\",\"contentUrl\":\"https:\\\/\\\/plantelish.com\\\/wp-content\\\/uploads\\\/2022\\\/11\\\/LOGO.png\",\"width\":1364,\"height\":1364,\"caption\":\"Plantelish\"},\"image\":{\"@id\":\"https:\\\/\\\/plantelish.com\\\/#\\\/schema\\\/logo\\\/image\\\/\"}}]}<\/script>\n<!-- \/ Yoast SEO plugin. -->","yoast_head_json":{"title":"ORIGINALNA SLIKA Pleso\u010da s stvarstvom - Plantelish","description":"Slika Pleso\u010da s stvarstvom prikazuje \u017eensko, ki je v flowu, naravnana nase in na svet okoli sebe. V starodavnem jogijskem polo\u017eanju odseva mir in mo\u010d. Vsepovezanost s stvarstvom, enost. Ob pogledu nanjo se spomni svojega notranjega sredi\u0161\u010da, fokusa na dobro in lepo, na male velike \u010dude\u017eke: ko si tako svetlobna, da po 'naklju\u010dju' na tvoje lase prileti metulj.Tehnika je akvarel in marker.Velikost slike je 30x40 cm.","robots":{"index":"index","follow":"follow","max-snippet":"max-snippet:-1","max-image-preview":"max-image-preview:large","max-video-preview":"max-video-preview:-1"},"canonical":"https:\/\/plantelish.com\/en\/originalna-slika-plesoca-s-stvarstvom\/","og_locale":"en_GB","og_type":"article","og_title":"ORIGINALNA SLIKA Pleso\u010da s stvarstvom - Plantelish","og_description":"Slika Pleso\u010da s stvarstvom prikazuje \u017eensko, ki je v flowu, naravnana nase in na svet okoli sebe. V starodavnem jogijskem polo\u017eanju odseva mir in mo\u010d. Vsepovezanost s stvarstvom, enost. Ob pogledu nanjo se spomni svojega notranjega sredi\u0161\u010da, fokusa na dobro in lepo, na male velike \u010dude\u017eke: ko si tako svetlobna, da po 'naklju\u010dju' na tvoje lase prileti metulj.Tehnika je akvarel in marker.Velikost slike je 30x40 cm.","og_url":"https:\/\/plantelish.com\/en\/originalna-slika-plesoca-s-stvarstvom\/","og_site_name":"Plantelish","article_modified_time":"2024-01-29T10:51:00+00:00","og_image":[{"width":768,"height":1024,"url":"https:\/\/plantelish.com\/wp-content\/uploads\/2024\/01\/PhotoRoom_20230118_231742-768x1024.png","type":"image\/png"}],"twitter_card":"summary_large_image","twitter_misc":{"Estimated reading time":"1 minute"},"schema":{"@context":"https:\/\/schema.org","@graph":[{"@type":"WebPage","@id":"https:\/\/plantelish.com\/originalna-slika-plesoca-s-stvarstvom\/","url":"https:\/\/plantelish.com\/originalna-slika-plesoca-s-stvarstvom\/","name":"ORIGINALNA SLIKA Pleso\u010da s stvarstvom - Plantelish","isPartOf":{"@id":"https:\/\/plantelish.com\/#website"},"primaryImageOfPage":{"@id":"https:\/\/plantelish.com\/originalna-slika-plesoca-s-stvarstvom\/#primaryimage"},"image":{"@id":"https:\/\/plantelish.com\/originalna-slika-plesoca-s-stvarstvom\/#primaryimage"},"thumbnailUrl":"https:\/\/plantelish.com\/wp-content\/uploads\/2024\/01\/PhotoRoom_20230118_231742.png","datePublished":"2024-01-09T08:33:35+00:00","dateModified":"2024-01-29T10:51:00+00:00","description":"Slika Pleso\u010da s stvarstvom prikazuje \u017eensko, ki je v flowu, naravnana nase in na svet okoli sebe. V starodavnem jogijskem polo\u017eanju odseva mir in mo\u010d. Vsepovezanost s stvarstvom, enost. Ob pogledu nanjo se spomni svojega notranjega sredi\u0161\u010da, fokusa na dobro in lepo, na male velike \u010dude\u017eke: ko si tako svetlobna, da po 'naklju\u010dju' na tvoje lase prileti metulj.Tehnika je akvarel in marker.Velikost slike je 30x40 cm.","breadcrumb":{"@id":"https:\/\/plantelish.com\/originalna-slika-plesoca-s-stvarstvom\/#breadcrumb"},"inLanguage":"en-GB","potentialAction":[{"@type":"ReadAction","target":["https:\/\/plantelish.com\/originalna-slika-plesoca-s-stvarstvom\/"]}]},{"@type":"ImageObject","inLanguage":"en-GB","@id":"https:\/\/plantelish.com\/originalna-slika-plesoca-s-stvarstvom\/#primaryimage","url":"https:\/\/plantelish.com\/wp-content\/uploads\/2024\/01\/PhotoRoom_20230118_231742.png","contentUrl":"https:\/\/plantelish.com\/wp-content\/uploads\/2024\/01\/PhotoRoom_20230118_231742.png","width":1800,"height":2400},{"@type":"BreadcrumbList","@id":"https:\/\/plantelish.com\/originalna-slika-plesoca-s-stvarstvom\/#breadcrumb","itemListElement":[{"@type":"ListItem","position":1,"name":"Home","item":"https:\/\/plantelish.com\/"},{"@type":"ListItem","position":2,"name":"Izdelki","item":"https:\/\/plantelish.com\/shop\/"},{"@type":"ListItem","position":3,"name":"ORIGINALNA SLIKA Pleso\u010da s stvarstvom"}]},{"@type":"WebSite","@id":"https:\/\/plantelish.com\/#website","url":"https:\/\/plantelish.com\/","name":"Plantelish","description":"Zeleni mir v va\u0161em domu","publisher":{"@id":"https:\/\/plantelish.com\/#organization"},"potentialAction":[{"@type":"SearchAction","target":{"@type":"EntryPoint","urlTemplate":"https:\/\/plantelish.com\/?s={search_term_string}"},"query-input":{"@type":"PropertyValueSpecification","valueRequired":true,"valueName":"search_term_string"}}],"inLanguage":"en-GB"},{"@type":"Organization","@id":"https:\/\/plantelish.com\/#organization","name":"Plantelish","url":"https:\/\/plantelish.com\/","logo":{"@type":"ImageObject","inLanguage":"en-GB","@id":"https:\/\/plantelish.com\/#\/schema\/logo\/image\/","url":"https:\/\/plantelish.com\/wp-content\/uploads\/2022\/11\/LOGO.png","contentUrl":"https:\/\/plantelish.com\/wp-content\/uploads\/2022\/11\/LOGO.png","width":1364,"height":1364,"caption":"Plantelish"},"image":{"@id":"https:\/\/plantelish.com\/#\/schema\/logo\/image\/"}}]}},"_links":{"self":[{"href":"https:\/\/plantelish.com\/en\/wp-json\/wp\/v2\/product\/5667","targetHints":{"allow":["GET"]}}],"collection":[{"href":"https:\/\/plantelish.com\/en\/wp-json\/wp\/v2\/product"}],"about":[{"href":"https:\/\/plantelish.com\/en\/wp-json\/wp\/v2\/types\/product"}],"replies":[{"embeddable":true,"href":"https:\/\/plantelish.com\/en\/wp-json\/wp\/v2\/comments?post=5667"}],"wp:featuredmedia":[{"embeddable":true,"href":"https:\/\/plantelish.com\/en\/wp-json\/wp\/v2\/media\/5675"}],"wp:attachment":[{"href":"https:\/\/plantelish.com\/en\/wp-json\/wp\/v2\/media?parent=5667"}],"wp:term":[{"taxonomy":"product_brand","embeddable":true,"href":"https:\/\/plantelish.com\/en\/wp-json\/wp\/v2\/product_brand?post=5667"},{"taxonomy":"product_cat","embeddable":true,"href":"https:\/\/plantelish.com\/en\/wp-json\/wp\/v2\/product_cat?post=5667"},{"taxonomy":"product_tag","embeddable":true,"href":"https:\/\/plantelish.com\/en\/wp-json\/wp\/v2\/product_tag?post=5667"}],"curies":[{"name":"wp","href":"https:\/\/api.w.org\/{rel}","templated":true}]}}