{"id":5783,"date":"2024-03-11T19:19:25","date_gmt":"2024-03-11T17:19:25","guid":{"rendered":"https:\/\/plantelish.com\/?post_type=product&#038;p=5783"},"modified":"2024-03-11T19:23:33","modified_gmt":"2024-03-11T17:23:33","slug":"art-print-yoni","status":"publish","type":"product","link":"https:\/\/plantelish.com\/en\/art-print-yoni\/","title":{"rendered":"ART PRINT Yoni"},"content":{"rendered":"<p>The original handpainted Yoni artwork is powerful in its symbolism. It is a kind of portal between the 'spiritual divine' and the 'earthly organic'. It implies women's discourse, encompassing emancipation, autonomy and at the same time Creation, Rebirth, the Sanctuary of women...\n\nThe picture is decorated with a detail of decorative 'golden' metal leaf, which adds decorative and meaningful value to it.\n\nSize: 12x16in\n\nHandpainted on watercolor paper 300mg<\/p>\n<p>&nbsp;<\/p>\n<p>Size: 12x16in, printed on 200mg paper<\/p>\n<p>Brez okvirja.<\/p>","protected":false},"excerpt":{"rendered":"<p>The Yoni art print is powerful in its symbolism. It is a kind of portal between the spiritual divine and the earthly organic. It implies women's discourse, encompassing emancipation, autonomy and at the same time Creation, Rebirth, the Sanctuary of Woman and much more.<\/p>\n<p>Size: 12x16in, printed on 200mg paper<\/p>\n<p>Without frame.<\/p>\n<p><strong>Delivery time:<\/strong> 1-3 days for Slovenian customers, 14-30 days for international customers.<\/p>","protected":false},"featured_media":5780,"comment_status":"open","ping_status":"closed","template":"","meta":[],"product_brand":[],"product_cat":[33],"product_tag":[],"class_list":{"0":"post-5783","1":"product","2":"type-product","3":"status-publish","4":"has-post-thumbnail","6":"product_cat-art-printi-digitalne-slike","7":"product_shipping_class-osnovno","9":"first","10":"instock","11":"shipping-taxable","12":"purchasable","13":"product-type-simple"},"yoast_head":"<!-- This site is optimized with the Yoast SEO plugin v27.5 - https:\/\/yoast.com\/product\/yoast-seo-wordpress\/ -->\n<title>ART PRINT Yoni - Plantelish<\/title>\n<meta name=\"description\" content=\"Originalna slika Yoni je mo\u010dna v svoji simboliki. Je nekak\u0161en portal med duhovnim bo\u017eanskim ter zemeljskim organskim. Implicira \u017eenski diskurz, zajemajo\u010d emancipiranost, avtonomijo ter hkrati Kreacijo, Preporod, Sveti\u0161\u010de \u017eenske...Sliko krasi detajl iz okrasnih &#039;zlatih&#039; listi\u010dev, ki ji doda dekorativno in pomensko vrednost.Tehnika je akvarel in marker.Velikost slike je 30x40 cm.Brez okvirja.\" \/>\n<meta name=\"robots\" content=\"index, follow, max-snippet:-1, max-image-preview:large, max-video-preview:-1\" \/>\n<link rel=\"canonical\" href=\"https:\/\/plantelish.com\/en\/art-print-yoni\/\" \/>\n<meta property=\"og:locale\" content=\"en_GB\" \/>\n<meta property=\"og:type\" content=\"article\" \/>\n<meta property=\"og:title\" content=\"ART PRINT Yoni - Plantelish\" \/>\n<meta property=\"og:description\" content=\"Originalna slika Yoni je mo\u010dna v svoji simboliki. Je nekak\u0161en portal med duhovnim bo\u017eanskim ter zemeljskim organskim. Implicira \u017eenski diskurz, zajemajo\u010d emancipiranost, avtonomijo ter hkrati Kreacijo, Preporod, Sveti\u0161\u010de \u017eenske...Sliko krasi detajl iz okrasnih &#039;zlatih&#039; listi\u010dev, ki ji doda dekorativno in pomensko vrednost.Tehnika je akvarel in marker.Velikost slike je 30x40 cm.Brez okvirja.\" \/>\n<meta property=\"og:url\" content=\"https:\/\/plantelish.com\/en\/art-print-yoni\/\" \/>\n<meta property=\"og:site_name\" content=\"Plantelish\" \/>\n<meta property=\"article:modified_time\" content=\"2024-03-11T17:23:33+00:00\" \/>\n<meta property=\"og:image\" content=\"https:\/\/plantelish.com\/wp-content\/uploads\/2024\/03\/IMG_1963-scaled.jpg\" \/>\n\t<meta property=\"og:image:width\" content=\"1761\" \/>\n\t<meta property=\"og:image:height\" content=\"2560\" \/>\n\t<meta property=\"og:image:type\" content=\"image\/jpeg\" \/>\n<meta name=\"twitter:card\" content=\"summary_large_image\" \/>\n<meta name=\"twitter:label1\" content=\"Estimated reading time\" \/>\n\t<meta name=\"twitter:data1\" content=\"1 minute\" \/>\n<script type=\"application\/ld+json\" class=\"yoast-schema-graph\">{\"@context\":\"https:\\\/\\\/schema.org\",\"@graph\":[{\"@type\":\"WebPage\",\"@id\":\"https:\\\/\\\/plantelish.com\\\/art-print-yoni\\\/\",\"url\":\"https:\\\/\\\/plantelish.com\\\/art-print-yoni\\\/\",\"name\":\"ART PRINT Yoni - Plantelish\",\"isPartOf\":{\"@id\":\"https:\\\/\\\/plantelish.com\\\/#website\"},\"primaryImageOfPage\":{\"@id\":\"https:\\\/\\\/plantelish.com\\\/art-print-yoni\\\/#primaryimage\"},\"image\":{\"@id\":\"https:\\\/\\\/plantelish.com\\\/art-print-yoni\\\/#primaryimage\"},\"thumbnailUrl\":\"https:\\\/\\\/plantelish.com\\\/wp-content\\\/uploads\\\/2024\\\/03\\\/IMG_1963-scaled.jpg\",\"datePublished\":\"2024-03-11T17:19:25+00:00\",\"dateModified\":\"2024-03-11T17:23:33+00:00\",\"description\":\"Originalna slika Yoni je mo\u010dna v svoji simboliki. Je nekak\u0161en portal med duhovnim bo\u017eanskim ter zemeljskim organskim. Implicira \u017eenski diskurz, zajemajo\u010d emancipiranost, avtonomijo ter hkrati Kreacijo, Preporod, Sveti\u0161\u010de \u017eenske...Sliko krasi detajl iz okrasnih 'zlatih' listi\u010dev, ki ji doda dekorativno in pomensko vrednost.Tehnika je akvarel in marker.Velikost slike je 30x40 cm.Brez okvirja.\",\"breadcrumb\":{\"@id\":\"https:\\\/\\\/plantelish.com\\\/art-print-yoni\\\/#breadcrumb\"},\"inLanguage\":\"en-GB\",\"potentialAction\":[{\"@type\":\"ReadAction\",\"target\":[\"https:\\\/\\\/plantelish.com\\\/art-print-yoni\\\/\"]}]},{\"@type\":\"ImageObject\",\"inLanguage\":\"en-GB\",\"@id\":\"https:\\\/\\\/plantelish.com\\\/art-print-yoni\\\/#primaryimage\",\"url\":\"https:\\\/\\\/plantelish.com\\\/wp-content\\\/uploads\\\/2024\\\/03\\\/IMG_1963-scaled.jpg\",\"contentUrl\":\"https:\\\/\\\/plantelish.com\\\/wp-content\\\/uploads\\\/2024\\\/03\\\/IMG_1963-scaled.jpg\",\"width\":1761,\"height\":2560},{\"@type\":\"BreadcrumbList\",\"@id\":\"https:\\\/\\\/plantelish.com\\\/art-print-yoni\\\/#breadcrumb\",\"itemListElement\":[{\"@type\":\"ListItem\",\"position\":1,\"name\":\"Home\",\"item\":\"https:\\\/\\\/plantelish.com\\\/\"},{\"@type\":\"ListItem\",\"position\":2,\"name\":\"Izdelki\",\"item\":\"https:\\\/\\\/plantelish.com\\\/shop\\\/\"},{\"@type\":\"ListItem\",\"position\":3,\"name\":\"ART PRINT Yoni\"}]},{\"@type\":\"WebSite\",\"@id\":\"https:\\\/\\\/plantelish.com\\\/#website\",\"url\":\"https:\\\/\\\/plantelish.com\\\/\",\"name\":\"Plantelish\",\"description\":\"Zeleni mir v va\u0161em domu\",\"publisher\":{\"@id\":\"https:\\\/\\\/plantelish.com\\\/#organization\"},\"potentialAction\":[{\"@type\":\"SearchAction\",\"target\":{\"@type\":\"EntryPoint\",\"urlTemplate\":\"https:\\\/\\\/plantelish.com\\\/?s={search_term_string}\"},\"query-input\":{\"@type\":\"PropertyValueSpecification\",\"valueRequired\":true,\"valueName\":\"search_term_string\"}}],\"inLanguage\":\"en-GB\"},{\"@type\":\"Organization\",\"@id\":\"https:\\\/\\\/plantelish.com\\\/#organization\",\"name\":\"Plantelish\",\"url\":\"https:\\\/\\\/plantelish.com\\\/\",\"logo\":{\"@type\":\"ImageObject\",\"inLanguage\":\"en-GB\",\"@id\":\"https:\\\/\\\/plantelish.com\\\/#\\\/schema\\\/logo\\\/image\\\/\",\"url\":\"https:\\\/\\\/plantelish.com\\\/wp-content\\\/uploads\\\/2022\\\/11\\\/LOGO.png\",\"contentUrl\":\"https:\\\/\\\/plantelish.com\\\/wp-content\\\/uploads\\\/2022\\\/11\\\/LOGO.png\",\"width\":1364,\"height\":1364,\"caption\":\"Plantelish\"},\"image\":{\"@id\":\"https:\\\/\\\/plantelish.com\\\/#\\\/schema\\\/logo\\\/image\\\/\"}}]}<\/script>\n<!-- \/ Yoast SEO plugin. -->","yoast_head_json":{"title":"ART PRINT Yoni - Plantelish","description":"Originalna slika Yoni je mo\u010dna v svoji simboliki. Je nekak\u0161en portal med duhovnim bo\u017eanskim ter zemeljskim organskim. Implicira \u017eenski diskurz, zajemajo\u010d emancipiranost, avtonomijo ter hkrati Kreacijo, Preporod, Sveti\u0161\u010de \u017eenske...Sliko krasi detajl iz okrasnih 'zlatih' listi\u010dev, ki ji doda dekorativno in pomensko vrednost.Tehnika je akvarel in marker.Velikost slike je 30x40 cm.Brez okvirja.","robots":{"index":"index","follow":"follow","max-snippet":"max-snippet:-1","max-image-preview":"max-image-preview:large","max-video-preview":"max-video-preview:-1"},"canonical":"https:\/\/plantelish.com\/en\/art-print-yoni\/","og_locale":"en_GB","og_type":"article","og_title":"ART PRINT Yoni - Plantelish","og_description":"Originalna slika Yoni je mo\u010dna v svoji simboliki. Je nekak\u0161en portal med duhovnim bo\u017eanskim ter zemeljskim organskim. Implicira \u017eenski diskurz, zajemajo\u010d emancipiranost, avtonomijo ter hkrati Kreacijo, Preporod, Sveti\u0161\u010de \u017eenske...Sliko krasi detajl iz okrasnih 'zlatih' listi\u010dev, ki ji doda dekorativno in pomensko vrednost.Tehnika je akvarel in marker.Velikost slike je 30x40 cm.Brez okvirja.","og_url":"https:\/\/plantelish.com\/en\/art-print-yoni\/","og_site_name":"Plantelish","article_modified_time":"2024-03-11T17:23:33+00:00","og_image":[{"width":1761,"height":2560,"url":"https:\/\/plantelish.com\/wp-content\/uploads\/2024\/03\/IMG_1963-scaled.jpg","type":"image\/jpeg"}],"twitter_card":"summary_large_image","twitter_misc":{"Estimated reading time":"1 minute"},"schema":{"@context":"https:\/\/schema.org","@graph":[{"@type":"WebPage","@id":"https:\/\/plantelish.com\/art-print-yoni\/","url":"https:\/\/plantelish.com\/art-print-yoni\/","name":"ART PRINT Yoni - Plantelish","isPartOf":{"@id":"https:\/\/plantelish.com\/#website"},"primaryImageOfPage":{"@id":"https:\/\/plantelish.com\/art-print-yoni\/#primaryimage"},"image":{"@id":"https:\/\/plantelish.com\/art-print-yoni\/#primaryimage"},"thumbnailUrl":"https:\/\/plantelish.com\/wp-content\/uploads\/2024\/03\/IMG_1963-scaled.jpg","datePublished":"2024-03-11T17:19:25+00:00","dateModified":"2024-03-11T17:23:33+00:00","description":"Originalna slika Yoni je mo\u010dna v svoji simboliki. Je nekak\u0161en portal med duhovnim bo\u017eanskim ter zemeljskim organskim. Implicira \u017eenski diskurz, zajemajo\u010d emancipiranost, avtonomijo ter hkrati Kreacijo, Preporod, Sveti\u0161\u010de \u017eenske...Sliko krasi detajl iz okrasnih 'zlatih' listi\u010dev, ki ji doda dekorativno in pomensko vrednost.Tehnika je akvarel in marker.Velikost slike je 30x40 cm.Brez okvirja.","breadcrumb":{"@id":"https:\/\/plantelish.com\/art-print-yoni\/#breadcrumb"},"inLanguage":"en-GB","potentialAction":[{"@type":"ReadAction","target":["https:\/\/plantelish.com\/art-print-yoni\/"]}]},{"@type":"ImageObject","inLanguage":"en-GB","@id":"https:\/\/plantelish.com\/art-print-yoni\/#primaryimage","url":"https:\/\/plantelish.com\/wp-content\/uploads\/2024\/03\/IMG_1963-scaled.jpg","contentUrl":"https:\/\/plantelish.com\/wp-content\/uploads\/2024\/03\/IMG_1963-scaled.jpg","width":1761,"height":2560},{"@type":"BreadcrumbList","@id":"https:\/\/plantelish.com\/art-print-yoni\/#breadcrumb","itemListElement":[{"@type":"ListItem","position":1,"name":"Home","item":"https:\/\/plantelish.com\/"},{"@type":"ListItem","position":2,"name":"Izdelki","item":"https:\/\/plantelish.com\/shop\/"},{"@type":"ListItem","position":3,"name":"ART PRINT Yoni"}]},{"@type":"WebSite","@id":"https:\/\/plantelish.com\/#website","url":"https:\/\/plantelish.com\/","name":"Plantelish","description":"Zeleni mir v va\u0161em domu","publisher":{"@id":"https:\/\/plantelish.com\/#organization"},"potentialAction":[{"@type":"SearchAction","target":{"@type":"EntryPoint","urlTemplate":"https:\/\/plantelish.com\/?s={search_term_string}"},"query-input":{"@type":"PropertyValueSpecification","valueRequired":true,"valueName":"search_term_string"}}],"inLanguage":"en-GB"},{"@type":"Organization","@id":"https:\/\/plantelish.com\/#organization","name":"Plantelish","url":"https:\/\/plantelish.com\/","logo":{"@type":"ImageObject","inLanguage":"en-GB","@id":"https:\/\/plantelish.com\/#\/schema\/logo\/image\/","url":"https:\/\/plantelish.com\/wp-content\/uploads\/2022\/11\/LOGO.png","contentUrl":"https:\/\/plantelish.com\/wp-content\/uploads\/2022\/11\/LOGO.png","width":1364,"height":1364,"caption":"Plantelish"},"image":{"@id":"https:\/\/plantelish.com\/#\/schema\/logo\/image\/"}}]}},"_links":{"self":[{"href":"https:\/\/plantelish.com\/en\/wp-json\/wp\/v2\/product\/5783","targetHints":{"allow":["GET"]}}],"collection":[{"href":"https:\/\/plantelish.com\/en\/wp-json\/wp\/v2\/product"}],"about":[{"href":"https:\/\/plantelish.com\/en\/wp-json\/wp\/v2\/types\/product"}],"replies":[{"embeddable":true,"href":"https:\/\/plantelish.com\/en\/wp-json\/wp\/v2\/comments?post=5783"}],"wp:featuredmedia":[{"embeddable":true,"href":"https:\/\/plantelish.com\/en\/wp-json\/wp\/v2\/media\/5780"}],"wp:attachment":[{"href":"https:\/\/plantelish.com\/en\/wp-json\/wp\/v2\/media?parent=5783"}],"wp:term":[{"taxonomy":"product_brand","embeddable":true,"href":"https:\/\/plantelish.com\/en\/wp-json\/wp\/v2\/product_brand?post=5783"},{"taxonomy":"product_cat","embeddable":true,"href":"https:\/\/plantelish.com\/en\/wp-json\/wp\/v2\/product_cat?post=5783"},{"taxonomy":"product_tag","embeddable":true,"href":"https:\/\/plantelish.com\/en\/wp-json\/wp\/v2\/product_tag?post=5783"}],"curies":[{"name":"wp","href":"https:\/\/api.w.org\/{rel}","templated":true}]}}