{"id":5847,"date":"2024-11-02T20:41:29","date_gmt":"2024-11-02T18:41:29","guid":{"rendered":"https:\/\/plantelish.com\/?post_type=product&#038;p=5847"},"modified":"2025-09-10T12:15:34","modified_gmt":"2025-09-10T10:15:34","slug":"originalna-slika-melodija-rastlin","status":"publish","type":"product","link":"https:\/\/plantelish.com\/en\/originalna-slika-melodija-rastlin\/","title":{"rendered":"ORIGINALNA SLIKA Melodija rastlin"},"content":{"rendered":"<p>Akvarelna abstraktna slika imenovana MELODIJA RASTLIN umetelno prepleta medij vode, svetlo roza vibracije s strogo fizi\u010dno stvarnostjo \u010drnega markerja. Svet(l)o piko na i ji doda sredi\u0161\u010dna akrilna zlata, ki kot prapo\u010delo povezuje vse stvari. Poezija diha rastlin in njegova manifestacija v umetni\u0161ki sliki naj te navdahne v zaznavo onkrajnega.<\/p>\n<p>Dimenzije: 30x40cm<\/p>","protected":false},"excerpt":{"rendered":"<p>Akvarelna abstraktna slika imenovana MELODIJA RASTLIN umetelno prepleta medij vode, svetlo roza vibracije s strogo fizi\u010dno stvarnostjo \u010drnega markerja. Svet(l)o piko na i ji doda sredi\u0161\u010dna akrilna zlata, ki kot prapo\u010delo povezuje vse stvari. Poezija diha rastlin in njegova manifestacija v umetni\u0161ki sliki naj te navdahne v zaznavo onkrajnega.<\/p>\n<p>Dimenzije: 30x40cm<\/p>","protected":false},"featured_media":5849,"comment_status":"open","ping_status":"closed","template":"","meta":[],"product_brand":[],"product_cat":[35,36],"product_tag":[],"class_list":{"0":"post-5847","1":"product","2":"type-product","3":"status-publish","4":"has-post-thumbnail","6":"product_cat-artworks","7":"product_cat-originalne-slike","9":"first","10":"instock","11":"shipping-taxable","12":"purchasable","13":"product-type-simple"},"yoast_head":"<!-- This site is optimized with the Yoast SEO plugin v27.5 - https:\/\/yoast.com\/product\/yoast-seo-wordpress\/ -->\n<title>ORIGINALNA SLIKA Melodija rastlin - Plantelish<\/title>\n<meta name=\"robots\" content=\"index, follow, max-snippet:-1, max-image-preview:large, max-video-preview:-1\" \/>\n<link rel=\"canonical\" href=\"https:\/\/plantelish.com\/en\/originalna-slika-melodija-rastlin\/\" \/>\n<meta property=\"og:locale\" content=\"en_GB\" \/>\n<meta property=\"og:type\" content=\"article\" \/>\n<meta property=\"og:title\" content=\"ORIGINALNA SLIKA Melodija rastlin - Plantelish\" \/>\n<meta property=\"og:description\" content=\"Akvarelna abstraktna slika imenovana MELODIJA RASTLIN umetelno prepleta medij vode, svetlo roza vibracije s strogo fizi\u010dno stvarnostjo \u010drnega markerja. Svet(l)o piko na i ji doda sredi\u0161\u010dna akrilna zlata, ki kot prapo\u010delo povezuje vse stvari. Poezija diha rastlin in njegova manifestacija v umetni\u0161ki sliki naj te navdahne v zaznavo onkrajnega.  Dimenzije: 30x40cm\" \/>\n<meta property=\"og:url\" content=\"https:\/\/plantelish.com\/en\/originalna-slika-melodija-rastlin\/\" \/>\n<meta property=\"og:site_name\" content=\"Plantelish\" \/>\n<meta property=\"article:modified_time\" content=\"2025-09-10T10:15:34+00:00\" \/>\n<meta property=\"og:image\" content=\"https:\/\/plantelish.com\/wp-content\/uploads\/2024\/11\/img201-1-scaled.jpg\" \/>\n\t<meta property=\"og:image:width\" content=\"1762\" \/>\n\t<meta property=\"og:image:height\" content=\"2560\" \/>\n\t<meta property=\"og:image:type\" content=\"image\/jpeg\" \/>\n<meta name=\"twitter:card\" content=\"summary_large_image\" \/>\n<meta name=\"twitter:label1\" content=\"Estimated reading time\" \/>\n\t<meta name=\"twitter:data1\" content=\"1 minute\" \/>\n<script type=\"application\/ld+json\" class=\"yoast-schema-graph\">{\"@context\":\"https:\\\/\\\/schema.org\",\"@graph\":[{\"@type\":\"WebPage\",\"@id\":\"https:\\\/\\\/plantelish.com\\\/originalna-slika-melodija-rastlin\\\/\",\"url\":\"https:\\\/\\\/plantelish.com\\\/originalna-slika-melodija-rastlin\\\/\",\"name\":\"ORIGINALNA SLIKA Melodija rastlin - Plantelish\",\"isPartOf\":{\"@id\":\"https:\\\/\\\/plantelish.com\\\/#website\"},\"primaryImageOfPage\":{\"@id\":\"https:\\\/\\\/plantelish.com\\\/originalna-slika-melodija-rastlin\\\/#primaryimage\"},\"image\":{\"@id\":\"https:\\\/\\\/plantelish.com\\\/originalna-slika-melodija-rastlin\\\/#primaryimage\"},\"thumbnailUrl\":\"https:\\\/\\\/plantelish.com\\\/wp-content\\\/uploads\\\/2024\\\/11\\\/img201-1-scaled.jpg\",\"datePublished\":\"2024-11-02T18:41:29+00:00\",\"dateModified\":\"2025-09-10T10:15:34+00:00\",\"breadcrumb\":{\"@id\":\"https:\\\/\\\/plantelish.com\\\/originalna-slika-melodija-rastlin\\\/#breadcrumb\"},\"inLanguage\":\"en-GB\",\"potentialAction\":[{\"@type\":\"ReadAction\",\"target\":[\"https:\\\/\\\/plantelish.com\\\/originalna-slika-melodija-rastlin\\\/\"]}]},{\"@type\":\"ImageObject\",\"inLanguage\":\"en-GB\",\"@id\":\"https:\\\/\\\/plantelish.com\\\/originalna-slika-melodija-rastlin\\\/#primaryimage\",\"url\":\"https:\\\/\\\/plantelish.com\\\/wp-content\\\/uploads\\\/2024\\\/11\\\/img201-1-scaled.jpg\",\"contentUrl\":\"https:\\\/\\\/plantelish.com\\\/wp-content\\\/uploads\\\/2024\\\/11\\\/img201-1-scaled.jpg\",\"width\":1762,\"height\":2560},{\"@type\":\"BreadcrumbList\",\"@id\":\"https:\\\/\\\/plantelish.com\\\/originalna-slika-melodija-rastlin\\\/#breadcrumb\",\"itemListElement\":[{\"@type\":\"ListItem\",\"position\":1,\"name\":\"Home\",\"item\":\"https:\\\/\\\/plantelish.com\\\/\"},{\"@type\":\"ListItem\",\"position\":2,\"name\":\"Izdelki\",\"item\":\"https:\\\/\\\/plantelish.com\\\/shop\\\/\"},{\"@type\":\"ListItem\",\"position\":3,\"name\":\"ORIGINALNA SLIKA Melodija rastlin\"}]},{\"@type\":\"WebSite\",\"@id\":\"https:\\\/\\\/plantelish.com\\\/#website\",\"url\":\"https:\\\/\\\/plantelish.com\\\/\",\"name\":\"Plantelish\",\"description\":\"Zeleni mir v va\u0161em domu\",\"publisher\":{\"@id\":\"https:\\\/\\\/plantelish.com\\\/#organization\"},\"potentialAction\":[{\"@type\":\"SearchAction\",\"target\":{\"@type\":\"EntryPoint\",\"urlTemplate\":\"https:\\\/\\\/plantelish.com\\\/?s={search_term_string}\"},\"query-input\":{\"@type\":\"PropertyValueSpecification\",\"valueRequired\":true,\"valueName\":\"search_term_string\"}}],\"inLanguage\":\"en-GB\"},{\"@type\":\"Organization\",\"@id\":\"https:\\\/\\\/plantelish.com\\\/#organization\",\"name\":\"Plantelish\",\"url\":\"https:\\\/\\\/plantelish.com\\\/\",\"logo\":{\"@type\":\"ImageObject\",\"inLanguage\":\"en-GB\",\"@id\":\"https:\\\/\\\/plantelish.com\\\/#\\\/schema\\\/logo\\\/image\\\/\",\"url\":\"https:\\\/\\\/plantelish.com\\\/wp-content\\\/uploads\\\/2022\\\/11\\\/LOGO.png\",\"contentUrl\":\"https:\\\/\\\/plantelish.com\\\/wp-content\\\/uploads\\\/2022\\\/11\\\/LOGO.png\",\"width\":1364,\"height\":1364,\"caption\":\"Plantelish\"},\"image\":{\"@id\":\"https:\\\/\\\/plantelish.com\\\/#\\\/schema\\\/logo\\\/image\\\/\"}}]}<\/script>\n<!-- \/ Yoast SEO plugin. -->","yoast_head_json":{"title":"ORIGINALNA SLIKA Melodija rastlin - Plantelish","robots":{"index":"index","follow":"follow","max-snippet":"max-snippet:-1","max-image-preview":"max-image-preview:large","max-video-preview":"max-video-preview:-1"},"canonical":"https:\/\/plantelish.com\/en\/originalna-slika-melodija-rastlin\/","og_locale":"en_GB","og_type":"article","og_title":"ORIGINALNA SLIKA Melodija rastlin - Plantelish","og_description":"Akvarelna abstraktna slika imenovana MELODIJA RASTLIN umetelno prepleta medij vode, svetlo roza vibracije s strogo fizi\u010dno stvarnostjo \u010drnega markerja. Svet(l)o piko na i ji doda sredi\u0161\u010dna akrilna zlata, ki kot prapo\u010delo povezuje vse stvari. Poezija diha rastlin in njegova manifestacija v umetni\u0161ki sliki naj te navdahne v zaznavo onkrajnega.  Dimenzije: 30x40cm","og_url":"https:\/\/plantelish.com\/en\/originalna-slika-melodija-rastlin\/","og_site_name":"Plantelish","article_modified_time":"2025-09-10T10:15:34+00:00","og_image":[{"width":1762,"height":2560,"url":"https:\/\/plantelish.com\/wp-content\/uploads\/2024\/11\/img201-1-scaled.jpg","type":"image\/jpeg"}],"twitter_card":"summary_large_image","twitter_misc":{"Estimated reading time":"1 minute"},"schema":{"@context":"https:\/\/schema.org","@graph":[{"@type":"WebPage","@id":"https:\/\/plantelish.com\/originalna-slika-melodija-rastlin\/","url":"https:\/\/plantelish.com\/originalna-slika-melodija-rastlin\/","name":"ORIGINALNA SLIKA Melodija rastlin - Plantelish","isPartOf":{"@id":"https:\/\/plantelish.com\/#website"},"primaryImageOfPage":{"@id":"https:\/\/plantelish.com\/originalna-slika-melodija-rastlin\/#primaryimage"},"image":{"@id":"https:\/\/plantelish.com\/originalna-slika-melodija-rastlin\/#primaryimage"},"thumbnailUrl":"https:\/\/plantelish.com\/wp-content\/uploads\/2024\/11\/img201-1-scaled.jpg","datePublished":"2024-11-02T18:41:29+00:00","dateModified":"2025-09-10T10:15:34+00:00","breadcrumb":{"@id":"https:\/\/plantelish.com\/originalna-slika-melodija-rastlin\/#breadcrumb"},"inLanguage":"en-GB","potentialAction":[{"@type":"ReadAction","target":["https:\/\/plantelish.com\/originalna-slika-melodija-rastlin\/"]}]},{"@type":"ImageObject","inLanguage":"en-GB","@id":"https:\/\/plantelish.com\/originalna-slika-melodija-rastlin\/#primaryimage","url":"https:\/\/plantelish.com\/wp-content\/uploads\/2024\/11\/img201-1-scaled.jpg","contentUrl":"https:\/\/plantelish.com\/wp-content\/uploads\/2024\/11\/img201-1-scaled.jpg","width":1762,"height":2560},{"@type":"BreadcrumbList","@id":"https:\/\/plantelish.com\/originalna-slika-melodija-rastlin\/#breadcrumb","itemListElement":[{"@type":"ListItem","position":1,"name":"Home","item":"https:\/\/plantelish.com\/"},{"@type":"ListItem","position":2,"name":"Izdelki","item":"https:\/\/plantelish.com\/shop\/"},{"@type":"ListItem","position":3,"name":"ORIGINALNA SLIKA Melodija rastlin"}]},{"@type":"WebSite","@id":"https:\/\/plantelish.com\/#website","url":"https:\/\/plantelish.com\/","name":"Plantelish","description":"Zeleni mir v va\u0161em domu","publisher":{"@id":"https:\/\/plantelish.com\/#organization"},"potentialAction":[{"@type":"SearchAction","target":{"@type":"EntryPoint","urlTemplate":"https:\/\/plantelish.com\/?s={search_term_string}"},"query-input":{"@type":"PropertyValueSpecification","valueRequired":true,"valueName":"search_term_string"}}],"inLanguage":"en-GB"},{"@type":"Organization","@id":"https:\/\/plantelish.com\/#organization","name":"Plantelish","url":"https:\/\/plantelish.com\/","logo":{"@type":"ImageObject","inLanguage":"en-GB","@id":"https:\/\/plantelish.com\/#\/schema\/logo\/image\/","url":"https:\/\/plantelish.com\/wp-content\/uploads\/2022\/11\/LOGO.png","contentUrl":"https:\/\/plantelish.com\/wp-content\/uploads\/2022\/11\/LOGO.png","width":1364,"height":1364,"caption":"Plantelish"},"image":{"@id":"https:\/\/plantelish.com\/#\/schema\/logo\/image\/"}}]}},"_links":{"self":[{"href":"https:\/\/plantelish.com\/en\/wp-json\/wp\/v2\/product\/5847","targetHints":{"allow":["GET"]}}],"collection":[{"href":"https:\/\/plantelish.com\/en\/wp-json\/wp\/v2\/product"}],"about":[{"href":"https:\/\/plantelish.com\/en\/wp-json\/wp\/v2\/types\/product"}],"replies":[{"embeddable":true,"href":"https:\/\/plantelish.com\/en\/wp-json\/wp\/v2\/comments?post=5847"}],"wp:featuredmedia":[{"embeddable":true,"href":"https:\/\/plantelish.com\/en\/wp-json\/wp\/v2\/media\/5849"}],"wp:attachment":[{"href":"https:\/\/plantelish.com\/en\/wp-json\/wp\/v2\/media?parent=5847"}],"wp:term":[{"taxonomy":"product_brand","embeddable":true,"href":"https:\/\/plantelish.com\/en\/wp-json\/wp\/v2\/product_brand?post=5847"},{"taxonomy":"product_cat","embeddable":true,"href":"https:\/\/plantelish.com\/en\/wp-json\/wp\/v2\/product_cat?post=5847"},{"taxonomy":"product_tag","embeddable":true,"href":"https:\/\/plantelish.com\/en\/wp-json\/wp\/v2\/product_tag?post=5847"}],"curies":[{"name":"wp","href":"https:\/\/api.w.org\/{rel}","templated":true}]}}